{"id":6560,"date":"2025-10-16T12:00:18","date_gmt":"2025-10-16T09:00:18","guid":{"rendered":"http:\/\/www.buramkitabevi.com\/kitap\/isimsiz-yazilar-kezban-unlu"},"modified":"2025-10-16T12:00:43","modified_gmt":"2025-10-16T09:00:43","slug":"isimsiz-yazilar-kezban-unlu","status":"publish","type":"product","link":"https:\/\/www.buramkitabevi.com\/en\/kitap\/isimsiz-yazilar-kezban-unlu","title":{"rendered":"\u0130simsiz Yaz\u0131lar &#8211; Kezban \u00dcnl\u00fc"},"content":{"rendered":"<p>Belki de kanser olan sadece h\u00fccrelerimiz de\u011fildir?<\/p>","protected":false},"excerpt":{"rendered":"<p>Belki de kanser olan sadece h\u00fccrelerimiz de\u011fildir?<\/p>","protected":false},"featured_media":6561,"comment_status":"closed","ping_status":"open","template":"","meta":{"inline_featured_image":false},"product_cat":[1024,1019],"product_tag":[],"class_list":{"0":"post-6560","1":"product","2":"type-product","3":"status-publish","4":"has-post-thumbnail","6":"product_cat-deneme","7":"product_cat-edebiyat","8":"pa_boyut-135-x-195-cm","9":"pa_dil-turkce","10":"pa_sayfa-sayisi-1328","11":"pa_yayin-tarihi-5-31-2022","12":"pa_yazar-kezban-unlu","14":"first","15":"instock","16":"sale","17":"purchasable","18":"product-type-simple"},"_links":{"self":[{"href":"https:\/\/www.buramkitabevi.com\/en\/wp-json\/wp\/v2\/product\/6560","targetHints":{"allow":["GET"]}}],"collection":[{"href":"https:\/\/www.buramkitabevi.com\/en\/wp-json\/wp\/v2\/product"}],"about":[{"href":"https:\/\/www.buramkitabevi.com\/en\/wp-json\/wp\/v2\/types\/product"}],"replies":[{"embeddable":true,"href":"https:\/\/www.buramkitabevi.com\/en\/wp-json\/wp\/v2\/comments?post=6560"}],"wp:featuredmedia":[{"embeddable":true,"href":"https:\/\/www.buramkitabevi.com\/en\/wp-json\/wp\/v2\/media\/6561"}],"wp:attachment":[{"href":"https:\/\/www.buramkitabevi.com\/en\/wp-json\/wp\/v2\/media?parent=6560"}],"wp:term":[{"taxonomy":"product_cat","embeddable":true,"href":"https:\/\/www.buramkitabevi.com\/en\/wp-json\/wp\/v2\/product_cat?post=6560"},{"taxonomy":"product_tag","embeddable":true,"href":"https:\/\/www.buramkitabevi.com\/en\/wp-json\/wp\/v2\/product_tag?post=6560"}],"curies":[{"name":"wp","href":"https:\/\/api.w.org\/{rel}","templated":true}]}}