{"id":6534,"date":"2025-10-16T11:59:25","date_gmt":"2025-10-16T08:59:25","guid":{"rendered":"http:\/\/www.buramkitabevi.com\/kitap\/sessizlige-yol-almak-erol-serkan-kilic"},"modified":"2025-10-16T12:00:08","modified_gmt":"2025-10-16T09:00:08","slug":"sessizlige-yol-almak-erol-serkan-kilic","status":"publish","type":"product","link":"https:\/\/www.buramkitabevi.com\/en\/kitap\/sessizlige-yol-almak-erol-serkan-kilic","title":{"rendered":"Sessizli\u011fe Yol Almak &#8211; Erol Serkan K\u0131l\u0131\u00e7"},"content":{"rendered":"","protected":false},"excerpt":{"rendered":"<p>Sessizli\u011fe Yol Almak; Erol Serkan K\u0131l\u0131\u00e7\u2019\u0131n g\u00f6nle dair, a\u015fka dair, insana dair, farkl\u0131 konularda k\u0131sa, \u00f6zl\u00fc ve m\u00e2n\u00e2 derinli\u011fi \u00e7ok; k\u00f6\u015fe yaz\u0131s\u0131 olarak yazd\u0131\u011f\u0131 yaz\u0131lar\u0131n derlenmi\u015f h\u00e2lidir.<\/p>\n<p>Kitap, ki\u015finin anlam ve varl\u0131k boyutunda kendisini tan\u0131mas\u0131na; i\u00e7 yolcu\u011funda arad\u0131\u011f\u0131n\u0131 bulmas\u0131na katk\u0131 sa\u011flayacakt\u0131r in\u015fallah!<\/p>\n<p>Yaz\u0131lar\u0131 okurken kendinizi hikmet deryalar\u0131nda bulacak, ruhunuz dinginle\u015fecek, sessizli\u011fin ve s\u00fck\u00fbnetin huz\u00fbruna ereceksiniz.<\/p>\n<p>\u201c\u0130ki kap\u0131l\u0131 han\u201d olan bu d\u00fcnya yolcu\u011funda, kendini kaybetmi\u015f olanlara yol rehberi say\u0131labilecek yaz\u0131lar, okuduk\u00e7a Rabbimize kullu\u011fumuzu hat\u0131rlatacak, Ras\u00fcl\u00fc\u2019ne (s.a.v.) muhabbetimizin artmas\u0131na vesile olacak ve salihler yolunun g\u00fczelliklerini bize g\u00f6sterecektir.<\/p>\n<p>Prof. Dr. Vahit G\u00f6kta\u015f<br \/>\nAnkara \u00dcniversitesi, \u0130lahiyat Fak\u00fcltesi<br \/>\nTasavvuf Ana Bilim Dal\u0131 \u00d6\u011fretim \u00dcyesi<\/p>","protected":false},"featured_media":6535,"comment_status":"closed","ping_status":"open","template":"","meta":{"inline_featured_image":false},"product_cat":[1024,1019],"product_tag":[],"class_list":{"0":"post-6534","1":"product","2":"type-product","3":"status-publish","4":"has-post-thumbnail","6":"product_cat-deneme","7":"product_cat-edebiyat","8":"pa_boyut-135-x-195-cm","9":"pa_dil-turkce","10":"pa_sayfa-sayisi-1046","11":"pa_yayin-tarihi-8-22-2022","12":"pa_yazar-erol-serkan-kilic","14":"first","15":"instock","16":"sale","17":"purchasable","18":"product-type-simple"},"_links":{"self":[{"href":"https:\/\/www.buramkitabevi.com\/en\/wp-json\/wp\/v2\/product\/6534","targetHints":{"allow":["GET"]}}],"collection":[{"href":"https:\/\/www.buramkitabevi.com\/en\/wp-json\/wp\/v2\/product"}],"about":[{"href":"https:\/\/www.buramkitabevi.com\/en\/wp-json\/wp\/v2\/types\/product"}],"replies":[{"embeddable":true,"href":"https:\/\/www.buramkitabevi.com\/en\/wp-json\/wp\/v2\/comments?post=6534"}],"wp:featuredmedia":[{"embeddable":true,"href":"https:\/\/www.buramkitabevi.com\/en\/wp-json\/wp\/v2\/media\/6535"}],"wp:attachment":[{"href":"https:\/\/www.buramkitabevi.com\/en\/wp-json\/wp\/v2\/media?parent=6534"}],"wp:term":[{"taxonomy":"product_cat","embeddable":true,"href":"https:\/\/www.buramkitabevi.com\/en\/wp-json\/wp\/v2\/product_cat?post=6534"},{"taxonomy":"product_tag","embeddable":true,"href":"https:\/\/www.buramkitabevi.com\/en\/wp-json\/wp\/v2\/product_tag?post=6534"}],"curies":[{"name":"wp","href":"https:\/\/api.w.org\/{rel}","templated":true}]}}