{"id":6530,"date":"2025-10-16T11:59:25","date_gmt":"2025-10-16T08:59:25","guid":{"rendered":"http:\/\/www.buramkitabevi.com\/kitap\/boyumdan-buyuk-isler-ani-hatirat-biyografi-rana-yilmaz"},"modified":"2025-10-16T12:00:03","modified_gmt":"2025-10-16T09:00:03","slug":"boyumdan-buyuk-isler-ani-hatirat-biyografi-rana-yilmaz","status":"publish","type":"product","link":"https:\/\/www.buramkitabevi.com\/en\/kitap\/boyumdan-buyuk-isler-ani-hatirat-biyografi-rana-yilmaz","title":{"rendered":"Boyumdan B\u00fcy\u00fck \u0130\u015fler &#8211; An\u0131, H\u00e2t\u0131rat &#038; Biyografi &#8211; R\u00e2n\u00e2 Y\u0131lmaz"},"content":{"rendered":"","protected":false},"excerpt":{"rendered":"<p>Babam, yazarken bana zorluk olsun diye mi, n\u00fcfus memurunun as\u00e2b\u0131 bozulsun diye mi, konu\u015furken kendisinin yapt\u0131\u011f\u0131 med hatalar\u0131na olan tak\u0131nt\u0131s\u0131ndan m\u0131 bilmiyorum, ismimdeki a harfleri \u00fczerine \u015fapka koydurmu\u015f. Do\u011frusu da bu ama bir yerlerde yazmas\u0131 hayli problemli&#8230;<\/p>\n<p>Babam, &#8220;\u00c7ift isimliler genellikle biriyle \u00e7a\u011fr\u0131l\u0131yor. Senin isminin hem anlam\u0131 g\u00fczel olmal\u0131 hem telaffuzu kolay olmal\u0131 hem de olur ya bir g\u00fcn marka bir ki\u015fi olursan ismin buna destek olmal\u0131, ayr\u0131ca ismin ile \u00e7a\u011fr\u0131ld\u0131k\u00e7a dua h\u00fckm\u00fcne ge\u00e7ece\u011finden dolay\u0131 da karakterine olumlu tesir etmeli.&#8221; diyerek ad\u0131m\u0131 koymu\u015f. Problem \u015fu ki kendim d\u00e2hil hi\u00e7 kimse ismimi yazarken a&#8217;lar\u0131n \u00fczerine \u015fapka koymuyor. Babam buna k\u0131z\u0131yor ama yapacak bir \u015fey yok. Her \u015feyi d\u00fc\u015f\u00fcnm\u00fc\u015f ama bunu galiba d\u00fc\u015f\u00fcnememi\u015f.<\/p>\n<p>Ad\u0131m R\u00e2n\u00e2. Tokat Yunus Emre \u0130lkokulu 3. s\u0131n\u0131f \u00f6\u011frencisiyim. \u00d6\u011fretmenimin te\u015fviki, babam\u0131n \u00e7abalar\u0131 ile kaleme ald\u0131\u011f\u0131m bu kitab\u0131mda erken \u00e7ocukluk d\u00f6nemimi, okul \u00f6ncesi e\u011fitimimi, okula nas\u0131l ve nerede ba\u015flad\u0131\u011f\u0131m\u0131, ilk Kur&#8217;an hatmimi, ulusal d\u00fczeyde girdi\u011fim ilk s\u0131navlar\u0131m\u0131, ilk ayr\u0131l\u0131klar\u0131m\u0131, ilk kavu\u015fmalar\u0131m\u0131, k\u0131saca benim hayata ilk ad\u0131mlar\u0131m\u0131, ilk tecr\u00fcbelerimi konu ettim. Kitapta aile ili\u015fkilerimize, bilhassa babamla olan diyaloglar\u0131ma fazlaca yer verdim \u00e7\u00fcnk\u00fc bu kitab\u0131n v\u00fccut bulmas\u0131na en \u00f6nemli sebep babamla olan bu diyaloglard\u0131.<\/p>","protected":false},"featured_media":6531,"comment_status":"closed","ping_status":"open","template":"","meta":{"inline_featured_image":false},"product_cat":[1083,1019],"product_tag":[],"class_list":{"0":"post-6530","1":"product","2":"type-product","3":"status-publish","4":"has-post-thumbnail","6":"product_cat-ani","7":"product_cat-edebiyat","8":"pa_boyut-135-x-195-cm","9":"pa_dil-turkce","10":"pa_sayfa-sayisi-1069","11":"pa_yayin-tarihi-9-28-2021","12":"pa_yazar-rana-yilmaz","14":"first","15":"instock","16":"sale","17":"purchasable","18":"product-type-simple"},"_links":{"self":[{"href":"https:\/\/www.buramkitabevi.com\/en\/wp-json\/wp\/v2\/product\/6530","targetHints":{"allow":["GET"]}}],"collection":[{"href":"https:\/\/www.buramkitabevi.com\/en\/wp-json\/wp\/v2\/product"}],"about":[{"href":"https:\/\/www.buramkitabevi.com\/en\/wp-json\/wp\/v2\/types\/product"}],"replies":[{"embeddable":true,"href":"https:\/\/www.buramkitabevi.com\/en\/wp-json\/wp\/v2\/comments?post=6530"}],"wp:featuredmedia":[{"embeddable":true,"href":"https:\/\/www.buramkitabevi.com\/en\/wp-json\/wp\/v2\/media\/6531"}],"wp:attachment":[{"href":"https:\/\/www.buramkitabevi.com\/en\/wp-json\/wp\/v2\/media?parent=6530"}],"wp:term":[{"taxonomy":"product_cat","embeddable":true,"href":"https:\/\/www.buramkitabevi.com\/en\/wp-json\/wp\/v2\/product_cat?post=6530"},{"taxonomy":"product_tag","embeddable":true,"href":"https:\/\/www.buramkitabevi.com\/en\/wp-json\/wp\/v2\/product_tag?post=6530"}],"curies":[{"name":"wp","href":"https:\/\/api.w.org\/{rel}","templated":true}]}}