{"id":6526,"date":"2025-10-16T11:59:25","date_gmt":"2025-10-16T08:59:25","guid":{"rendered":"http:\/\/www.buramkitabevi.com\/kitap\/ahi-evran-nedenler-uzerine-ramazan-sen"},"modified":"2025-10-16T11:59:57","modified_gmt":"2025-10-16T08:59:57","slug":"ahi-evran-nedenler-uzerine-ramazan-sen","status":"publish","type":"product","link":"https:\/\/www.buramkitabevi.com\/en\/kitap\/ahi-evran-nedenler-uzerine-ramazan-sen","title":{"rendered":"Ahi Evran Nedenler \u00dczerine &#8211; Ramazan \u015fen"},"content":{"rendered":"","protected":false},"excerpt":{"rendered":"<p>Sultan Al\u00e2eddin&#8217;in a\u015f\u00e7\u0131l\u0131\u011f\u0131n\u0131 yapan Hasan, r\u00fcyas\u0131nda g\u00f6rd\u00fc\u011f\u00fc \u00fc\u00e7 olay\u0131 ger\u00e7ek hayatta ya\u015famaya ba\u015flad\u0131\u011f\u0131n\u0131 fark eder ve bunun nedenlerini arar.<\/p>","protected":false},"featured_media":6527,"comment_status":"closed","ping_status":"open","template":"","meta":{"inline_featured_image":false},"product_cat":[1019,1307],"product_tag":[],"class_list":{"0":"post-6526","1":"product","2":"type-product","3":"status-publish","4":"has-post-thumbnail","6":"product_cat-edebiyat","7":"product_cat-senaryo","8":"pa_boyut-135-x-195-cm","9":"pa_dil-turkce","10":"pa_sayfa-sayisi-1306","11":"pa_yayin-tarihi-9-28-2021","12":"pa_yazar-ramazan-sen","14":"first","15":"instock","16":"sale","17":"purchasable","18":"product-type-simple"},"_links":{"self":[{"href":"https:\/\/www.buramkitabevi.com\/en\/wp-json\/wp\/v2\/product\/6526","targetHints":{"allow":["GET"]}}],"collection":[{"href":"https:\/\/www.buramkitabevi.com\/en\/wp-json\/wp\/v2\/product"}],"about":[{"href":"https:\/\/www.buramkitabevi.com\/en\/wp-json\/wp\/v2\/types\/product"}],"replies":[{"embeddable":true,"href":"https:\/\/www.buramkitabevi.com\/en\/wp-json\/wp\/v2\/comments?post=6526"}],"wp:featuredmedia":[{"embeddable":true,"href":"https:\/\/www.buramkitabevi.com\/en\/wp-json\/wp\/v2\/media\/6527"}],"wp:attachment":[{"href":"https:\/\/www.buramkitabevi.com\/en\/wp-json\/wp\/v2\/media?parent=6526"}],"wp:term":[{"taxonomy":"product_cat","embeddable":true,"href":"https:\/\/www.buramkitabevi.com\/en\/wp-json\/wp\/v2\/product_cat?post=6526"},{"taxonomy":"product_tag","embeddable":true,"href":"https:\/\/www.buramkitabevi.com\/en\/wp-json\/wp\/v2\/product_tag?post=6526"}],"curies":[{"name":"wp","href":"https:\/\/api.w.org\/{rel}","templated":true}]}}