{"id":6518,"date":"2025-10-16T11:59:25","date_gmt":"2025-10-16T08:59:25","guid":{"rendered":"http:\/\/www.buramkitabevi.com\/kitap\/beni-yarim-birakma-taha-yildiz"},"modified":"2025-10-16T11:59:48","modified_gmt":"2025-10-16T08:59:48","slug":"beni-yarim-birakma-taha-yildiz","status":"publish","type":"product","link":"https:\/\/www.buramkitabevi.com\/en\/kitap\/beni-yarim-birakma-taha-yildiz","title":{"rendered":"Beni Yar\u0131m B\u0131rakma &#8211; Taha Y\u0131ld\u0131z"},"content":{"rendered":"","protected":false},"excerpt":{"rendered":"<p>Bu koca \u015fehir s\u0131\u011fd\u0131ramad\u0131 bizi, bir hayale bile s\u0131\u011famad\u0131k. D\u00fc\u015f yorgunu y\u00fcre\u011fimin, uykusuz sabahlar\u0131na uyand\u0131 hasta y\u00fcre\u011fim. Bug\u00fcn son kez ge\u00e7tim soka\u011f\u0131ndan, kald\u0131r\u0131mlarda izi kalm\u0131\u015f hat\u0131ralar\u0131n. Yoklu\u011fun en \u00e7ok g\u00f6zlerimden anla\u015f\u0131l\u0131yor; nas\u0131l ki nemli bir \u00e7ift g\u00f6z\u00fcn nezaretinde ya\u015fand\u0131 yorgun gece hat\u0131ralar\u0131m, \u015fimdi s\u00f6yle bana, bir intihar ka\u00e7 cinayet b\u0131rak\u0131r ard\u0131nda?<\/p>","protected":false},"featured_media":6519,"comment_status":"closed","ping_status":"open","template":"","meta":{"inline_featured_image":false},"product_cat":[1019,1033],"product_tag":[],"class_list":{"0":"post-6518","1":"product","2":"type-product","3":"status-publish","4":"has-post-thumbnail","6":"product_cat-edebiyat","7":"product_cat-roman","8":"pa_boyut-135-x-195-cm","9":"pa_dil-turkce","10":"pa_sayfa-sayisi-1300","11":"pa_yayin-tarihi-8-27-2021","12":"pa_yazar-taha-yildiz","14":"first","15":"instock","16":"sale","17":"purchasable","18":"product-type-simple"},"_links":{"self":[{"href":"https:\/\/www.buramkitabevi.com\/en\/wp-json\/wp\/v2\/product\/6518","targetHints":{"allow":["GET"]}}],"collection":[{"href":"https:\/\/www.buramkitabevi.com\/en\/wp-json\/wp\/v2\/product"}],"about":[{"href":"https:\/\/www.buramkitabevi.com\/en\/wp-json\/wp\/v2\/types\/product"}],"replies":[{"embeddable":true,"href":"https:\/\/www.buramkitabevi.com\/en\/wp-json\/wp\/v2\/comments?post=6518"}],"wp:featuredmedia":[{"embeddable":true,"href":"https:\/\/www.buramkitabevi.com\/en\/wp-json\/wp\/v2\/media\/6519"}],"wp:attachment":[{"href":"https:\/\/www.buramkitabevi.com\/en\/wp-json\/wp\/v2\/media?parent=6518"}],"wp:term":[{"taxonomy":"product_cat","embeddable":true,"href":"https:\/\/www.buramkitabevi.com\/en\/wp-json\/wp\/v2\/product_cat?post=6518"},{"taxonomy":"product_tag","embeddable":true,"href":"https:\/\/www.buramkitabevi.com\/en\/wp-json\/wp\/v2\/product_tag?post=6518"}],"curies":[{"name":"wp","href":"https:\/\/api.w.org\/{rel}","templated":true}]}}