{"id":6514,"date":"2025-10-16T11:59:25","date_gmt":"2025-10-16T08:59:25","guid":{"rendered":"http:\/\/www.buramkitabevi.com\/kitap\/enayi-kedi-zirtonya-gezegeni-emrah-sari"},"modified":"2025-10-16T11:59:43","modified_gmt":"2025-10-16T08:59:43","slug":"enayi-kedi-zirtonya-gezegeni-emrah-sari","status":"publish","type":"product","link":"https:\/\/www.buramkitabevi.com\/en\/kitap\/enayi-kedi-zirtonya-gezegeni-emrah-sari","title":{"rendered":"Enayi Kedi Z\u0131rtonya Gezegeni &#8211; Emrah Sar\u0131"},"content":{"rendered":"","protected":false},"excerpt":{"rendered":"<p>Bin y\u0131l susmu\u015fken\u2026<br \/>\nBir g\u00fcn,<br \/>\nDayanamay\u0131p<br \/>\nG\u00fcpeg\u00fcnd\u00fcz;<br \/>\n\u00dcst\u00fcne,<br \/>\nAptall\u0131\u011f\u0131 tutuverince<br \/>\nTam ak\u0131lland\u0131 sand\u0131klar\u0131 bir anda,<br \/>\nHem de hi\u00e7 susmaks\u0131z\u0131n<br \/>\nKonu\u015fuverdi:<br \/>\nEnayilik i\u00e7imizde!<\/p>","protected":false},"featured_media":6515,"comment_status":"closed","ping_status":"open","template":"","meta":{"inline_featured_image":false},"product_cat":[1020,1019],"product_tag":[],"class_list":{"0":"post-6514","1":"product","2":"type-product","3":"status-publish","4":"has-post-thumbnail","6":"product_cat-siir","7":"product_cat-edebiyat","8":"pa_boyut-135-x-195-cm","9":"pa_dil-turkce","10":"pa_sayfa-sayisi-492","11":"pa_yayin-tarihi-8-2-2021","12":"pa_yazar-emrah-sari","14":"first","15":"instock","16":"sale","17":"purchasable","18":"product-type-simple"},"_links":{"self":[{"href":"https:\/\/www.buramkitabevi.com\/en\/wp-json\/wp\/v2\/product\/6514","targetHints":{"allow":["GET"]}}],"collection":[{"href":"https:\/\/www.buramkitabevi.com\/en\/wp-json\/wp\/v2\/product"}],"about":[{"href":"https:\/\/www.buramkitabevi.com\/en\/wp-json\/wp\/v2\/types\/product"}],"replies":[{"embeddable":true,"href":"https:\/\/www.buramkitabevi.com\/en\/wp-json\/wp\/v2\/comments?post=6514"}],"wp:featuredmedia":[{"embeddable":true,"href":"https:\/\/www.buramkitabevi.com\/en\/wp-json\/wp\/v2\/media\/6515"}],"wp:attachment":[{"href":"https:\/\/www.buramkitabevi.com\/en\/wp-json\/wp\/v2\/media?parent=6514"}],"wp:term":[{"taxonomy":"product_cat","embeddable":true,"href":"https:\/\/www.buramkitabevi.com\/en\/wp-json\/wp\/v2\/product_cat?post=6514"},{"taxonomy":"product_tag","embeddable":true,"href":"https:\/\/www.buramkitabevi.com\/en\/wp-json\/wp\/v2\/product_tag?post=6514"}],"curies":[{"name":"wp","href":"https:\/\/api.w.org\/{rel}","templated":true}]}}