{"id":6474,"date":"2025-10-16T11:58:36","date_gmt":"2025-10-16T08:58:36","guid":{"rendered":"http:\/\/www.buramkitabevi.com\/kitap\/konularina-gore-ayrilmis-atasozleri-sozlugu-haluk-gonullu"},"modified":"2025-10-16T11:58:52","modified_gmt":"2025-10-16T08:58:52","slug":"konularina-gore-ayrilmis-atasozleri-sozlugu-haluk-gonullu","status":"publish","type":"product","link":"https:\/\/www.buramkitabevi.com\/en\/kitap\/konularina-gore-ayrilmis-atasozleri-sozlugu-haluk-gonullu","title":{"rendered":"Konular\u0131na G\u00f6re Ayr\u0131lm\u0131\u015f Atas\u00f6zleri S\u00f6zl\u00fc\u011f\u00fc &#8211; Haluk G\u00f6n\u00fcll\u00fc"},"content":{"rendered":"","protected":false},"excerpt":{"rendered":"<p>\u0130lk \u00f6rneklerine 8. y\u00fczy\u0131lda Orhun Yaz\u0131tlar\u0131\u2019nda rastlad\u0131\u011f\u0131m\u0131z T\u00fcrk atas\u00f6zleri bir k\u00fclt\u00fcr hazinesidir. Fakat bu hazinemizi do\u011fru yer ve zamanda kullanabiliyor muyuz?<\/p>\n<p>Konuya uygun ve do\u011fru zamanda kullan\u0131lan bir atas\u00f6z\u00fc, onlarca sat\u0131rl\u0131k konu\u015fma ve yazman\u0131n \u00f6n\u00fcne ge\u00e7ebilir. Bir konu\u015fmac\u0131n\u0131n konu\u015fmas\u0131n\u0131n uygun yerinde bir atas\u00f6z\u00fc kullanmas\u0131 dinleyiciye etki eder. Ayn\u0131 \u015fekilde, yaz\u0131lacak bir metnin uygun yerinde atas\u00f6z\u00fc kullanmak yaz\u0131y\u0131 \u00f6zg\u00fcnle\u015ftirir. En \u00f6nemlisi de atas\u00f6zlerini kulland\u0131k\u00e7a ge\u00e7mi\u015f ve gelecek aras\u0131ndaki ba\u011f\u0131n kopmamas\u0131 sa\u011flan\u0131r.<\/p>\n<p>Uzun bir \u00e7al\u0131\u015fman\u0131n sonucu olan bu kitapta yakla\u015f\u0131k y\u00fcz elli konu ve iki bin atas\u00f6z\u00fc konular\u0131na g\u00f6re ayr\u0131lm\u0131\u015ft\u0131r. Bu eserin ge\u00e7mi\u015f ve gelecek aras\u0131nda k\u00f6pr\u00fc olmak isteyenlere faydal\u0131 olaca\u011f\u0131 \u00fcmidini ta\u015f\u0131maktay\u0131z.<\/p>","protected":false},"featured_media":6475,"comment_status":"closed","ping_status":"open","template":"","meta":{"inline_featured_image":false},"product_cat":[1247,1019],"product_tag":[],"class_list":{"0":"post-6474","1":"product","2":"type-product","3":"status-publish","4":"has-post-thumbnail","6":"product_cat-ozlu-sozler","7":"product_cat-edebiyat","8":"pa_boyut-135-x-195-cm","9":"pa_dil-turkce","10":"pa_sayfa-sayisi-877","11":"pa_yayin-tarihi-3-4-2021","12":"pa_yazar-haluk-gonullu","14":"first","15":"instock","16":"sale","17":"purchasable","18":"product-type-simple"},"_links":{"self":[{"href":"https:\/\/www.buramkitabevi.com\/en\/wp-json\/wp\/v2\/product\/6474","targetHints":{"allow":["GET"]}}],"collection":[{"href":"https:\/\/www.buramkitabevi.com\/en\/wp-json\/wp\/v2\/product"}],"about":[{"href":"https:\/\/www.buramkitabevi.com\/en\/wp-json\/wp\/v2\/types\/product"}],"replies":[{"embeddable":true,"href":"https:\/\/www.buramkitabevi.com\/en\/wp-json\/wp\/v2\/comments?post=6474"}],"wp:featuredmedia":[{"embeddable":true,"href":"https:\/\/www.buramkitabevi.com\/en\/wp-json\/wp\/v2\/media\/6475"}],"wp:attachment":[{"href":"https:\/\/www.buramkitabevi.com\/en\/wp-json\/wp\/v2\/media?parent=6474"}],"wp:term":[{"taxonomy":"product_cat","embeddable":true,"href":"https:\/\/www.buramkitabevi.com\/en\/wp-json\/wp\/v2\/product_cat?post=6474"},{"taxonomy":"product_tag","embeddable":true,"href":"https:\/\/www.buramkitabevi.com\/en\/wp-json\/wp\/v2\/product_tag?post=6474"}],"curies":[{"name":"wp","href":"https:\/\/api.w.org\/{rel}","templated":true}]}}