{"id":6414,"date":"2025-10-16T11:56:54","date_gmt":"2025-10-16T08:56:54","guid":{"rendered":"http:\/\/www.buramkitabevi.com\/kitap\/sorgu-gokhan-payir"},"modified":"2025-10-16T11:57:34","modified_gmt":"2025-10-16T08:57:34","slug":"sorgu-gokhan-payir","status":"publish","type":"product","link":"https:\/\/www.buramkitabevi.com\/en\/kitap\/sorgu-gokhan-payir","title":{"rendered":"Sorgu &#8211; G\u00f6khan Pay\u0131r"},"content":{"rendered":"","protected":false},"excerpt":{"rendered":"<p>\u201cBir anda kendisini \u00f6l\u00fcm\u00fcn \u00f6tesinde bulan ve olaylar\u0131 anlamland\u0131rmakta zorlanan kahraman\u0131m\u0131z\u0131n i\u00e7 sesi duyulur. Yokluktan varl\u0131\u011fa ge\u00e7i\u015fi, hi\u00e7likten maddenin t\u00fcm varolu\u015f s\u00fcrecini kendi do\u011fumuna kadar seyreder ve hikayesi ba\u015flar.\u201d<\/p>","protected":false},"featured_media":6415,"comment_status":"closed","ping_status":"open","template":"","meta":{"inline_featured_image":false},"product_cat":[1019,1033],"product_tag":[],"class_list":{"0":"post-6414","1":"product","2":"type-product","3":"status-publish","4":"has-post-thumbnail","6":"product_cat-edebiyat","7":"product_cat-roman","8":"pa_boyut-135-x-195-cm","9":"pa_dil-turkce","10":"pa_sayfa-sayisi-356","11":"pa_yayin-tarihi-9-30-2020","12":"pa_yazar-gokhan-payir","14":"first","15":"instock","16":"sale","17":"purchasable","18":"product-type-simple"},"_links":{"self":[{"href":"https:\/\/www.buramkitabevi.com\/en\/wp-json\/wp\/v2\/product\/6414","targetHints":{"allow":["GET"]}}],"collection":[{"href":"https:\/\/www.buramkitabevi.com\/en\/wp-json\/wp\/v2\/product"}],"about":[{"href":"https:\/\/www.buramkitabevi.com\/en\/wp-json\/wp\/v2\/types\/product"}],"replies":[{"embeddable":true,"href":"https:\/\/www.buramkitabevi.com\/en\/wp-json\/wp\/v2\/comments?post=6414"}],"wp:featuredmedia":[{"embeddable":true,"href":"https:\/\/www.buramkitabevi.com\/en\/wp-json\/wp\/v2\/media\/6415"}],"wp:attachment":[{"href":"https:\/\/www.buramkitabevi.com\/en\/wp-json\/wp\/v2\/media?parent=6414"}],"wp:term":[{"taxonomy":"product_cat","embeddable":true,"href":"https:\/\/www.buramkitabevi.com\/en\/wp-json\/wp\/v2\/product_cat?post=6414"},{"taxonomy":"product_tag","embeddable":true,"href":"https:\/\/www.buramkitabevi.com\/en\/wp-json\/wp\/v2\/product_tag?post=6414"}],"curies":[{"name":"wp","href":"https:\/\/api.w.org\/{rel}","templated":true}]}}