{"id":6384,"date":"2025-10-16T11:56:54","date_gmt":"2025-10-16T08:56:54","guid":{"rendered":"http:\/\/www.buramkitabevi.com\/kitap\/karga-ruyalari-samet-turkyurdu"},"modified":"2025-10-16T11:56:59","modified_gmt":"2025-10-16T08:56:59","slug":"karga-ruyalari-samet-turkyurdu","status":"publish","type":"product","link":"https:\/\/www.buramkitabevi.com\/en\/kitap\/karga-ruyalari-samet-turkyurdu","title":{"rendered":"Karga R\u00fcyalar\u0131 &#8211; Samet T\u00fcrkyurdu"},"content":{"rendered":"","protected":false},"excerpt":{"rendered":"<div class=\"wysiwyg prd_description\">\n<p>Unutmak, unutabilmek b\u00fcy\u00fck nimet! Hem unutmak olmasa bir insan nas\u0131l ya\u015fayabilirdi ki? Ya da nas\u0131l insan kalabilirdi? Belki susarak. Belki de al\u0131\u015farak\u2026 Sonu\u00e7ta her se\u00e7i\u015f bir vazge\u00e7i\u015ftir \u00f6yle de\u011fil mi? \u00d6n\u00fcm\u00fcze konulan be\u015f \u015f\u0131k d\u0131\u015f\u0131nda bir se\u00e7ene\u011fimizin olmas\u0131 fikri bile iyi hissettiriyor asl\u0131nda. Yine de iyi ki unutmak denilen bir \u015fey vard\u0131! \u00d6yle ki unutmaya al\u0131\u015f\u0131yor ve o al\u0131\u015ft\u0131\u011f\u0131m\u0131z her ne oluyorsa kabulleniyor, b\u00f6ylelikle normalle\u015fmesi kendili\u011finden oluveriyordu. Nitekim, \u0130nsano\u011flu \u00fc\u00e7 g\u00fcne cehenneme de al\u0131\u015f\u0131r, der bir Orta Asya atas\u00f6z\u00fc. \u015e\u00f6yle bir d\u00fc\u015f\u00fcn\u00fcnce eklemeden edemedim: Ya\u015fant\u0131m\u0131z\u0131 bilincimizin aksine al\u0131\u015fkanl\u0131klar\u0131m\u0131z y\u00f6netiyor ve insan, en \u00e7ok da al\u0131\u015ft\u0131\u011f\u0131 \u201c\u015fey\u201de d\u00f6n\u00fc\u015f\u00fcyor.<\/p>\n<p>Kitab\u0131 okudu\u011funuz andan sonra ni\u00e7in bu kavramlar\u0131n \u00fcst\u00fcnde durdu\u011fum noktas\u0131nda bana hak verece\u011finizi d\u00fc\u015f\u00fcn\u00fcyorum. Ya da bir se\u00e7enek de siz eklersiniz ve \u00f6n yarg\u0131lar\u0131n\u0131z\u0131 sorgulatacak sat\u0131rlarla vakit ge\u00e7irirken ger\u00e7e\u011fin g\u00f6zle g\u00f6r\u00fclemeyece\u011fini an\u0131msars\u0131n\u0131z.<\/p>\n<p>Say\u0131n T\u00fcrkyurdu kendine pek y\u00fcksek bir vazife edinerek bu kitab\u0131yla birlikte bizleri karga r\u00fcyalar\u0131m\u0131zdan b\u00fclb\u00fcl sesleriyle uyanmam\u0131z\u0131 sa\u011flamak istiyor. Evet, bu sabahlar\u0131n bir anlam\u0131 olmal\u0131.<\/p>\n<p>D\u00fc\u015fler Gezgini, rotas\u0131n\u0131 Turuncu Radyo\u2019nun frekans\u0131na ayarlad\u0131 ve kelimelerle Bulutlar\u0131n Dans\u0131\u2019na e\u015flik ederek bu kez bir romanla \u00e7\u0131kt\u0131 kar\u015f\u0131n\u0131za. \u015eairane bir yakla\u015f\u0131mla kaleme al\u0131nm\u0131\u015f bu kitap size ger\u00e7ekli\u011fiyle insan\u0131n \u00f6z duygusunu hissettirece\u011fi gibi soyutlu\u011fuyla da s\u00f6z haznenizi zenginle\u015ftirecek.<\/p>\n<\/div>","protected":false},"featured_media":6385,"comment_status":"closed","ping_status":"open","template":"","meta":{"inline_featured_image":false},"product_cat":[1019,1033],"product_tag":[],"class_list":{"0":"post-6384","1":"product","2":"type-product","3":"status-publish","4":"has-post-thumbnail","6":"product_cat-edebiyat","7":"product_cat-roman","8":"pa_boyut-135-x-195-cm","9":"pa_dil-turkce","10":"pa_sayfa-sayisi-627","11":"pa_yayin-tarihi-6-3-2020","12":"pa_yazar-samet-turkyurdu","14":"first","15":"instock","16":"sale","17":"purchasable","18":"product-type-simple"},"_links":{"self":[{"href":"https:\/\/www.buramkitabevi.com\/en\/wp-json\/wp\/v2\/product\/6384","targetHints":{"allow":["GET"]}}],"collection":[{"href":"https:\/\/www.buramkitabevi.com\/en\/wp-json\/wp\/v2\/product"}],"about":[{"href":"https:\/\/www.buramkitabevi.com\/en\/wp-json\/wp\/v2\/types\/product"}],"replies":[{"embeddable":true,"href":"https:\/\/www.buramkitabevi.com\/en\/wp-json\/wp\/v2\/comments?post=6384"}],"wp:featuredmedia":[{"embeddable":true,"href":"https:\/\/www.buramkitabevi.com\/en\/wp-json\/wp\/v2\/media\/6385"}],"wp:attachment":[{"href":"https:\/\/www.buramkitabevi.com\/en\/wp-json\/wp\/v2\/media?parent=6384"}],"wp:term":[{"taxonomy":"product_cat","embeddable":true,"href":"https:\/\/www.buramkitabevi.com\/en\/wp-json\/wp\/v2\/product_cat?post=6384"},{"taxonomy":"product_tag","embeddable":true,"href":"https:\/\/www.buramkitabevi.com\/en\/wp-json\/wp\/v2\/product_tag?post=6384"}],"curies":[{"name":"wp","href":"https:\/\/api.w.org\/{rel}","templated":true}]}}