{"id":6340,"date":"2025-10-16T11:56:00","date_gmt":"2025-10-16T08:56:00","guid":{"rendered":"http:\/\/www.buramkitabevi.com\/kitap\/taclandiran-hastalik-meral-kurtipek"},"modified":"2025-10-16T11:56:00","modified_gmt":"2025-10-16T08:56:00","slug":"taclandiran-hastalik-meral-kurtipek","status":"publish","type":"product","link":"https:\/\/www.buramkitabevi.com\/en\/kitap\/taclandiran-hastalik-meral-kurtipek","title":{"rendered":"Ta\u00e7land\u0131ran Hastal\u0131k &#8211; Meral Kurtipek"},"content":{"rendered":"<p>Hayat denilen bu filmde herkesi farkl\u0131 sahneler bekler. Kimileri i\u00e7in yorucudur kimileri i\u00e7inse rahat. Nihayetinde bitece\u011fi i\u00e7in akl\u0131 ba\u015f\u0131nda olan yorgunlu\u011funa de\u011fil de sahnedeki rol\u00fcne bak\u0131p, bulundu\u011fu an\u0131n tad\u0131n\u0131 \u00e7\u0131karmaya \u00e7al\u0131\u015f\u0131r. \u00d6m\u00fcr de b\u00f6yledir i\u015fte, yorucu olur bazen, ama en etkileyici g\u00fczellikler de o zaman ba\u015f g\u00f6sterir. Ya\u015fam\u0131n i\u00e7erisinde her ne konumda olursak olal\u0131m azim ve kararl\u0131l\u0131kla gelen ba\u015far\u0131 her zaman ad\u0131m\u0131zdan s\u00f6z ettirecektir.<\/p>\n<p>Herkesin g\u00fcc\u00fc nispetinde yapabilece\u011fi bir \u015feyler vard\u0131r. \u00d6nemli olan onu belirleyip hemen i\u015fe koyulmakt\u0131r. \u00c7\u00fcnk\u00fc; \u201cYar\u0131nc\u0131lar -erteleyenler- helak olmu\u015ftur.\u201d Hz. Muhammed (S.A.V.)<\/p>\n<p>Gidece\u011fin yoldan eminsen e\u011fer engeller \u2018dinlenme noktan\u2019 olmaktan \u00f6teye ge\u00e7emez. Engellilik her zaman fiziksel olmayabilir, bazen ya\u015fam\u0131n\u0131zda ortaya \u00e7\u0131kan problemler sizin \u00f6n\u00fcn\u00fcze kal\u0131n bir duvar \u00f6rebilir. \u00d6nemli olan bunu a\u015fabilmenin yollar\u0131n\u0131 ara\u015ft\u0131rmakt\u0131r.<\/p>","protected":false},"excerpt":{"rendered":"<p>Hayat denilen bu filmde herkesi farkl\u0131 sahneler bekler. Kimileri i\u00e7in yorucudur kimileri i\u00e7inse rahat. Nihayetinde bitece\u011fi i\u00e7in akl\u0131 ba\u015f\u0131nda olan yorgunlu\u011funa de\u011fil de sahnedeki rol\u00fcne bak\u0131p, bulundu\u011fu an\u0131n tad\u0131n\u0131 \u00e7\u0131karmaya \u00e7al\u0131\u015f\u0131r. \u00d6m\u00fcr de b\u00f6yledir i\u015fte, yorucu olur bazen, ama en etkileyici g\u00fczellikler de o zaman ba\u015f g\u00f6sterir. Ya\u015fam\u0131n i\u00e7erisinde her ne konumda olursak olal\u0131m azim [&hellip;]<\/p>\n","protected":false},"featured_media":6341,"comment_status":"closed","ping_status":"open","template":"","meta":{"inline_featured_image":false},"product_cat":[1083,1019],"product_tag":[],"class_list":{"0":"post-6340","1":"product","2":"type-product","3":"status-publish","4":"has-post-thumbnail","6":"product_cat-ani","7":"product_cat-edebiyat","8":"pa_boyut-135-x-195-cm","9":"pa_dil-turkce","10":"pa_sayfa-sayisi-1181","11":"pa_yayin-tarihi-2-7-2023","12":"pa_yazar-meral-kurtipek","14":"first","15":"instock","16":"sale","17":"purchasable","18":"product-type-simple"},"_links":{"self":[{"href":"https:\/\/www.buramkitabevi.com\/en\/wp-json\/wp\/v2\/product\/6340","targetHints":{"allow":["GET"]}}],"collection":[{"href":"https:\/\/www.buramkitabevi.com\/en\/wp-json\/wp\/v2\/product"}],"about":[{"href":"https:\/\/www.buramkitabevi.com\/en\/wp-json\/wp\/v2\/types\/product"}],"replies":[{"embeddable":true,"href":"https:\/\/www.buramkitabevi.com\/en\/wp-json\/wp\/v2\/comments?post=6340"}],"wp:featuredmedia":[{"embeddable":true,"href":"https:\/\/www.buramkitabevi.com\/en\/wp-json\/wp\/v2\/media\/6341"}],"wp:attachment":[{"href":"https:\/\/www.buramkitabevi.com\/en\/wp-json\/wp\/v2\/media?parent=6340"}],"wp:term":[{"taxonomy":"product_cat","embeddable":true,"href":"https:\/\/www.buramkitabevi.com\/en\/wp-json\/wp\/v2\/product_cat?post=6340"},{"taxonomy":"product_tag","embeddable":true,"href":"https:\/\/www.buramkitabevi.com\/en\/wp-json\/wp\/v2\/product_tag?post=6340"}],"curies":[{"name":"wp","href":"https:\/\/api.w.org\/{rel}","templated":true}]}}