{"id":6264,"date":"2025-10-16T11:54:20","date_gmt":"2025-10-16T08:54:20","guid":{"rendered":"http:\/\/www.buramkitabevi.com\/kitap\/ben-malcolm-x-el-hacc-malik-el-sahbaz-okkes-ugurlu"},"modified":"2025-10-16T11:54:25","modified_gmt":"2025-10-16T08:54:25","slug":"ben-malcolm-x-el-hacc-malik-el-sahbaz-okkes-ugurlu","status":"publish","type":"product","link":"https:\/\/www.buramkitabevi.com\/en\/kitap\/ben-malcolm-x-el-hacc-malik-el-sahbaz-okkes-ugurlu","title":{"rendered":"Ben Malcolm X (El-Hacc M\u00e2lik el-\u015eahb\u00e2z) &#8211; \u00d6kke\u015f U\u011furlu"},"content":{"rendered":"","protected":false},"excerpt":{"rendered":"<p>\u00c7ocuklukta meydana gelen zor \u015fartlar ve beyazlar taraf\u0131ndan ikinci s\u0131n\u0131f vatanda\u015f gibi g\u00f6r\u00fclmesi beyazlara kar\u015f\u0131 nefret etmesine sebep olmu\u015ftur. Okul hayat\u0131nda ise ba\u015far\u0131l\u0131 olmas\u0131na ra\u011fmen lise \u00f6\u011fretmeninin yanl\u0131\u015f telaffuzu y\u00fcz\u00fcnden okuldan uzakla\u015fm\u0131\u015f ve y\u0131llarca hayalini kurdu\u011fu avukatl\u0131k mesle\u011fini elde edememi\u015ftir. Okuldan uzakla\u015ft\u0131ktan sonra ise kendi dili ile anlataca\u011f\u0131 karanl\u0131k yollar\u0131n yolcusu olacak daha gen\u00e7 diyebilece\u011fimiz \u00e7a\u011fda t\u00fcm zararl\u0131 al\u0131\u015fkanl\u0131klarla i\u00e7 i\u00e7e bir hayat ya\u015fayacakt\u0131r. Tabi ki sonu h\u00fcsranla bitecek ve hapise d\u00fc\u015fecektir. Ancak bu hapis hayat\u0131 kendisine ilk ba\u015flarda \u015fer gibi g\u00f6r\u00fcnse de sonunda Malcolm X\u2019 in kurtulu\u015funa vesile olacak yollar\u0131n a\u00e7\u0131lmas\u0131n\u0131 sa\u011flayacakt\u0131r. Hapisten sonra Elijah Muhammed\u2019in \u00f6\u011fretisi ile tan\u0131\u015fm\u0131\u015f, y\u0131llarca hizmet etti\u011fi bu kurulu\u015ftan bir anda uzakla\u015ft\u0131r\u0131lmaya ba\u015flanm\u0131\u015ft\u0131r. \u0130\u015fte bu olay sonras\u0131 Mekke\u2019 ye ziyarete gitmeye karar vermi\u015ftir. Hac ziyareti ise Malcolm X i\u00e7in yepyeni ufuklar a\u00e7m\u0131\u015f ve ger\u00e7ek \u0130slam ile tan\u0131\u015fm\u0131\u015f, ger\u00e7ek M\u00fcsl\u00fcmanl\u0131\u011f\u0131 ya\u015famaya ba\u015flam\u0131\u015ft\u0131r. Sonu kurtulu\u015f olan bir hayat 1965 y\u0131l\u0131nda sona erecektir. Bu eser de Malcolm X\u2019 in hayat\u0131 detayl\u0131 bir \u015fekilde ele al\u0131nm\u0131\u015ft\u0131r. Bu eser de Malcolm X ile ilgili akl\u0131n\u0131za tak\u0131lan t\u00fcm sorular\u0131n cevab\u0131n\u0131 bulabileceksiniz.<\/p>","protected":false},"featured_media":6265,"comment_status":"closed","ping_status":"open","template":"","meta":{"inline_featured_image":false},"product_cat":[1019,1110],"product_tag":[],"class_list":{"0":"post-6264","1":"product","2":"type-product","3":"status-publish","4":"has-post-thumbnail","6":"product_cat-edebiyat","7":"product_cat-yasamoykusu","8":"pa_boyut-135-x-195-cm","9":"pa_dil-turkce","10":"pa_sayfa-sayisi-877","11":"pa_yayin-tarihi-5-8-2019","12":"pa_yazar-okkes-ugurlu","14":"first","15":"instock","16":"sale","17":"purchasable","18":"product-type-simple"},"_links":{"self":[{"href":"https:\/\/www.buramkitabevi.com\/en\/wp-json\/wp\/v2\/product\/6264","targetHints":{"allow":["GET"]}}],"collection":[{"href":"https:\/\/www.buramkitabevi.com\/en\/wp-json\/wp\/v2\/product"}],"about":[{"href":"https:\/\/www.buramkitabevi.com\/en\/wp-json\/wp\/v2\/types\/product"}],"replies":[{"embeddable":true,"href":"https:\/\/www.buramkitabevi.com\/en\/wp-json\/wp\/v2\/comments?post=6264"}],"wp:featuredmedia":[{"embeddable":true,"href":"https:\/\/www.buramkitabevi.com\/en\/wp-json\/wp\/v2\/media\/6265"}],"wp:attachment":[{"href":"https:\/\/www.buramkitabevi.com\/en\/wp-json\/wp\/v2\/media?parent=6264"}],"wp:term":[{"taxonomy":"product_cat","embeddable":true,"href":"https:\/\/www.buramkitabevi.com\/en\/wp-json\/wp\/v2\/product_cat?post=6264"},{"taxonomy":"product_tag","embeddable":true,"href":"https:\/\/www.buramkitabevi.com\/en\/wp-json\/wp\/v2\/product_tag?post=6264"}],"curies":[{"name":"wp","href":"https:\/\/api.w.org\/{rel}","templated":true}]}}