{"id":6194,"date":"2025-10-16T11:52:39","date_gmt":"2025-10-16T08:52:39","guid":{"rendered":"http:\/\/www.buramkitabevi.com\/kitap\/anonim-rus-halk-masallari-omer-dutar"},"modified":"2025-10-16T11:52:55","modified_gmt":"2025-10-16T08:52:55","slug":"anonim-rus-halk-masallari-omer-dutar","status":"publish","type":"product","link":"https:\/\/www.buramkitabevi.com\/en\/kitap\/anonim-rus-halk-masallari-omer-dutar","title":{"rendered":"Anonim Rus Halk Masallar\u0131 &#8211; \u00d6mer Dutar"},"content":{"rendered":"","protected":false},"excerpt":{"rendered":"<p>Sevgili arkada\u015flar sizin i\u00e7in haz\u0131rlad\u0131\u011f\u0131m Rus Halk Masallar\u0131n\u0131n d\u00fcnyas\u0131na girmeye haz\u0131r m\u0131s\u0131n\u0131z?<\/p>\n<p>Bu \u00e7al\u0131\u015fmam\u0131n amac\u0131 Rus Halk Masallar\u0131n\u0131 sizlere tan\u0131tmak hem de Rus\u00e7a \u00f6\u011frenen \u00f6\u011frencilerimizin iki dilde kar\u015f\u0131la\u015ft\u0131rmal\u0131 okuyarak \u00f6\u011frenimlerini ilerletebilecekleri bir metin \u00e7al\u0131\u015fmas\u0131 olu\u015fturmakt\u0131r. Ayr\u0131ca Rus k\u00fclt\u00fcr\u00fc ile T\u00fcrk k\u00fclt\u00fcr\u00fc aras\u0131nda k\u00fclt\u00fcr hizmetine arac\u0131 olmas\u0131n\u0131 istedi\u011fim i\u00e7in haz\u0131rlad\u0131m.<\/p>\n<p>Bu masallar Rus Halk\u0131 aras\u0131nda en bilinen ve sevilen olanlar\u0131d\u0131r. Bu \u00e7al\u0131\u015fma sayesinde sizler de Rus Halk Masallar\u0131n\u0131 tan\u0131m\u0131\u015f olacaks\u0131n\u0131z.<\/p>\n<p>Bunun gibi de\u011ferli \u00e7al\u0131\u015fmalar\u0131n devam\u0131n\u0131n gelmesini dilerim.<\/p>","protected":false},"featured_media":6195,"comment_status":"closed","ping_status":"open","template":"","meta":{"inline_featured_image":false},"product_cat":[1019,1077],"product_tag":[],"class_list":{"0":"post-6194","1":"product","2":"type-product","3":"status-publish","4":"has-post-thumbnail","6":"product_cat-edebiyat","7":"product_cat-hikayeyabanci-dil","8":"pa_boyut-135-x-195-cm","9":"pa_dil-turkcerusca","10":"pa_sayfa-sayisi-946","11":"pa_yayin-tarihi-9-1-2018","12":"pa_yazar-omer-dutar","14":"first","15":"instock","16":"sale","17":"purchasable","18":"product-type-simple"},"_links":{"self":[{"href":"https:\/\/www.buramkitabevi.com\/en\/wp-json\/wp\/v2\/product\/6194","targetHints":{"allow":["GET"]}}],"collection":[{"href":"https:\/\/www.buramkitabevi.com\/en\/wp-json\/wp\/v2\/product"}],"about":[{"href":"https:\/\/www.buramkitabevi.com\/en\/wp-json\/wp\/v2\/types\/product"}],"replies":[{"embeddable":true,"href":"https:\/\/www.buramkitabevi.com\/en\/wp-json\/wp\/v2\/comments?post=6194"}],"wp:featuredmedia":[{"embeddable":true,"href":"https:\/\/www.buramkitabevi.com\/en\/wp-json\/wp\/v2\/media\/6195"}],"wp:attachment":[{"href":"https:\/\/www.buramkitabevi.com\/en\/wp-json\/wp\/v2\/media?parent=6194"}],"wp:term":[{"taxonomy":"product_cat","embeddable":true,"href":"https:\/\/www.buramkitabevi.com\/en\/wp-json\/wp\/v2\/product_cat?post=6194"},{"taxonomy":"product_tag","embeddable":true,"href":"https:\/\/www.buramkitabevi.com\/en\/wp-json\/wp\/v2\/product_tag?post=6194"}],"curies":[{"name":"wp","href":"https:\/\/api.w.org\/{rel}","templated":true}]}}