{"id":6126,"date":"2025-10-16T11:45:57","date_gmt":"2025-10-16T08:45:57","guid":{"rendered":"http:\/\/www.buramkitabevi.com\/kitap\/turk-milletinin-kurtulus-yolu-turkculuk-ve-bilim-taner-yurtbasi"},"modified":"2025-10-16T11:45:57","modified_gmt":"2025-10-16T08:45:57","slug":"turk-milletinin-kurtulus-yolu-turkculuk-ve-bilim-taner-yurtbasi","status":"publish","type":"product","link":"https:\/\/www.buramkitabevi.com\/en\/kitap\/turk-milletinin-kurtulus-yolu-turkculuk-ve-bilim-taner-yurtbasi","title":{"rendered":"T\u00fcrk Milleti&#8217;nin Kurtulu\u015f Yolu: T\u00fcrk\u00e7\u00fcl\u00fck ve Bilim &#8211; Taner Yurtba\u015f\u0131"},"content":{"rendered":"<p>T\u00fcrk budur. Y\u0131ld\u0131r\u0131md\u0131r, kas\u0131rgad\u0131r, d\u00fcnyay\u0131 ayd\u0131nlatan g\u00fcne\u015ftir. D\u00fcnyada her \u015fey i\u00e7in, medeniyet i\u00e7in, hayat i\u00e7in, ba\u015far\u0131 i\u00e7in, en hakiki m\u00fcr\u015fit bilimdir, fendir. &#8211; Ba\u015fbu\u011f Mustafa Kemal Atat\u00fcrk<\/p>","protected":false},"excerpt":{"rendered":"<p>T\u00fcrk budur. Y\u0131ld\u0131r\u0131md\u0131r, kas\u0131rgad\u0131r, d\u00fcnyay\u0131 ayd\u0131nlatan g\u00fcne\u015ftir. D\u00fcnyada her \u015fey i\u00e7in, medeniyet i\u00e7in, hayat i\u00e7in, ba\u015far\u0131 i\u00e7in, en hakiki m\u00fcr\u015fit bilimdir, fendir. &#8211; Ba\u015fbu\u011f Mustafa Kemal Atat\u00fcrk<\/p>","protected":false},"featured_media":4677,"comment_status":"closed","ping_status":"open","template":"","meta":{"inline_featured_image":false},"product_cat":[326],"product_tag":[],"class_list":{"0":"post-6126","1":"product","2":"type-product","3":"status-publish","4":"has-post-thumbnail","6":"product_cat-arastirma-inceleme","7":"pa_boyut-135-x-195-cm","8":"pa_dil-turkce","9":"pa_sayfa-sayisi-353","10":"pa_yayin-tarihi-6-18-2025","11":"pa_yazar-taner-yurtbasi","13":"first","14":"instock","15":"sale","16":"purchasable","17":"product-type-simple"},"_links":{"self":[{"href":"https:\/\/www.buramkitabevi.com\/en\/wp-json\/wp\/v2\/product\/6126","targetHints":{"allow":["GET"]}}],"collection":[{"href":"https:\/\/www.buramkitabevi.com\/en\/wp-json\/wp\/v2\/product"}],"about":[{"href":"https:\/\/www.buramkitabevi.com\/en\/wp-json\/wp\/v2\/types\/product"}],"replies":[{"embeddable":true,"href":"https:\/\/www.buramkitabevi.com\/en\/wp-json\/wp\/v2\/comments?post=6126"}],"wp:featuredmedia":[{"embeddable":true,"href":"https:\/\/www.buramkitabevi.com\/en\/wp-json\/wp\/v2\/media\/4677"}],"wp:attachment":[{"href":"https:\/\/www.buramkitabevi.com\/en\/wp-json\/wp\/v2\/media?parent=6126"}],"wp:term":[{"taxonomy":"product_cat","embeddable":true,"href":"https:\/\/www.buramkitabevi.com\/en\/wp-json\/wp\/v2\/product_cat?post=6126"},{"taxonomy":"product_tag","embeddable":true,"href":"https:\/\/www.buramkitabevi.com\/en\/wp-json\/wp\/v2\/product_tag?post=6126"}],"curies":[{"name":"wp","href":"https:\/\/api.w.org\/{rel}","templated":true}]}}