{"id":6119,"date":"2025-10-16T11:45:55","date_gmt":"2025-10-16T08:45:55","guid":{"rendered":"http:\/\/www.buramkitabevi.com\/kitap\/kutlu-yayinevinde-yazarliga-giris-gokbey-uluc"},"modified":"2025-10-16T11:45:56","modified_gmt":"2025-10-16T08:45:56","slug":"kutlu-yayinevinde-yazarliga-giris-gokbey-uluc","status":"publish","type":"product","link":"https:\/\/www.buramkitabevi.com\/en\/kitap\/kutlu-yayinevinde-yazarliga-giris-gokbey-uluc","title":{"rendered":"Kutlu Yay\u0131nevinde Yazarl\u0131\u011fa Giri\u015f &#8211; G\u00f6kbey Ulu\u00e7"},"content":{"rendered":"","protected":false},"excerpt":{"rendered":"","protected":false},"featured_media":4663,"comment_status":"closed","ping_status":"open","template":"","meta":{"inline_featured_image":false},"product_cat":[448],"product_tag":[],"class_list":{"0":"post-6119","1":"product","2":"type-product","3":"status-publish","4":"has-post-thumbnail","6":"product_cat-derleme","7":"pa_boyut-135-x-195-cm","8":"pa_dil-turkce","9":"pa_sayfa-sayisi-640","10":"pa_yayin-tarihi-3-7-2025","11":"pa_yazar-gokbey-uluc","13":"first","14":"instock","15":"sale","16":"purchasable","17":"product-type-simple"},"_links":{"self":[{"href":"https:\/\/www.buramkitabevi.com\/en\/wp-json\/wp\/v2\/product\/6119","targetHints":{"allow":["GET"]}}],"collection":[{"href":"https:\/\/www.buramkitabevi.com\/en\/wp-json\/wp\/v2\/product"}],"about":[{"href":"https:\/\/www.buramkitabevi.com\/en\/wp-json\/wp\/v2\/types\/product"}],"replies":[{"embeddable":true,"href":"https:\/\/www.buramkitabevi.com\/en\/wp-json\/wp\/v2\/comments?post=6119"}],"wp:featuredmedia":[{"embeddable":true,"href":"https:\/\/www.buramkitabevi.com\/en\/wp-json\/wp\/v2\/media\/4663"}],"wp:attachment":[{"href":"https:\/\/www.buramkitabevi.com\/en\/wp-json\/wp\/v2\/media?parent=6119"}],"wp:term":[{"taxonomy":"product_cat","embeddable":true,"href":"https:\/\/www.buramkitabevi.com\/en\/wp-json\/wp\/v2\/product_cat?post=6119"},{"taxonomy":"product_tag","embeddable":true,"href":"https:\/\/www.buramkitabevi.com\/en\/wp-json\/wp\/v2\/product_tag?post=6119"}],"curies":[{"name":"wp","href":"https:\/\/api.w.org\/{rel}","templated":true}]}}