{"id":6098,"date":"2025-10-16T11:45:52","date_gmt":"2025-10-16T08:45:52","guid":{"rendered":"http:\/\/www.buramkitabevi.com\/kitap\/kendini-guzellestir-gulnaz-calikoglu"},"modified":"2025-10-16T11:45:52","modified_gmt":"2025-10-16T08:45:52","slug":"kendini-guzellestir-gulnaz-calikoglu","status":"publish","type":"product","link":"https:\/\/www.buramkitabevi.com\/en\/kitap\/kendini-guzellestir-gulnaz-calikoglu","title":{"rendered":"Kendini G\u00fczelle\u015ftir &#8211; G\u00fclnaz \u00c7al\u0131ko\u011flu"},"content":{"rendered":"<p>Hayatta tesad\u00fcf yoktur, tevafuk vard\u0131r.<br \/>\nTevafuk Hakk&#8217;\u0131n iradesiyle denk gelmektir.<br \/>\nVe bu denk geli\u015ften sonra her \u015fey de\u011fi\u015fir,&#8230;<br \/>\nKimbilir y\u0131llard\u0131r arad\u0131\u011f\u0131n belki de bu kitaptad\u0131r&#8230;.<\/p>\n<p>G\u00fczelli\u011fi, g\u00fczellikte bulursun&#8230;<\/p>","protected":false},"excerpt":{"rendered":"<p>Hayatta tesad\u00fcf yoktur, tevafuk vard\u0131r. Tevafuk Hakk&#8217;\u0131n iradesiyle denk gelmektir. Ve bu denk geli\u015ften sonra her \u015fey de\u011fi\u015fir,&#8230; Kimbilir y\u0131llard\u0131r arad\u0131\u011f\u0131n belki de bu kitaptad\u0131r&#8230;. G\u00fczelli\u011fi, g\u00fczellikte bulursun&#8230;<\/p>","protected":false},"featured_media":4622,"comment_status":"closed","ping_status":"open","template":"","meta":{"inline_featured_image":false},"product_cat":[398],"product_tag":[],"class_list":{"0":"post-6098","1":"product","2":"type-product","3":"status-publish","4":"has-post-thumbnail","6":"product_cat-kisisel-gelisim","7":"pa_boyut-135-x-195-cm","8":"pa_dil-turkce","9":"pa_sayfa-sayisi-640","10":"pa_yayin-tarihi-12-2-2024","11":"pa_yazar-gulnaz-calikoglu","13":"first","14":"instock","15":"sale","16":"purchasable","17":"product-type-simple"},"_links":{"self":[{"href":"https:\/\/www.buramkitabevi.com\/en\/wp-json\/wp\/v2\/product\/6098","targetHints":{"allow":["GET"]}}],"collection":[{"href":"https:\/\/www.buramkitabevi.com\/en\/wp-json\/wp\/v2\/product"}],"about":[{"href":"https:\/\/www.buramkitabevi.com\/en\/wp-json\/wp\/v2\/types\/product"}],"replies":[{"embeddable":true,"href":"https:\/\/www.buramkitabevi.com\/en\/wp-json\/wp\/v2\/comments?post=6098"}],"wp:featuredmedia":[{"embeddable":true,"href":"https:\/\/www.buramkitabevi.com\/en\/wp-json\/wp\/v2\/media\/4622"}],"wp:attachment":[{"href":"https:\/\/www.buramkitabevi.com\/en\/wp-json\/wp\/v2\/media?parent=6098"}],"wp:term":[{"taxonomy":"product_cat","embeddable":true,"href":"https:\/\/www.buramkitabevi.com\/en\/wp-json\/wp\/v2\/product_cat?post=6098"},{"taxonomy":"product_tag","embeddable":true,"href":"https:\/\/www.buramkitabevi.com\/en\/wp-json\/wp\/v2\/product_tag?post=6098"}],"curies":[{"name":"wp","href":"https:\/\/api.w.org\/{rel}","templated":true}]}}