{"id":6094,"date":"2025-10-16T11:45:52","date_gmt":"2025-10-16T08:45:52","guid":{"rendered":"http:\/\/www.buramkitabevi.com\/kitap\/muhammed-mehdi-resullah-ve-veliyullah-halil-ibrahim-akbaba"},"modified":"2025-10-16T11:45:52","modified_gmt":"2025-10-16T08:45:52","slug":"muhammed-mehdi-resullah-ve-veliyullah-halil-ibrahim-akbaba","status":"publish","type":"product","link":"https:\/\/www.buramkitabevi.com\/en\/kitap\/muhammed-mehdi-resullah-ve-veliyullah-halil-ibrahim-akbaba","title":{"rendered":"Muhammed (Mehdi) Resullah ve Veliyullah &#8211; Halil \u0130brahim Akbaba"},"content":{"rendered":"<p data-renderer-start-pos=\"21\">Bu eser, Kur&#8217;an-\u0131 Kerim&#8217;in evrensel mesaj\u0131n\u0131 ve insanl\u0131\u011fa sundu\u011fu rehberli\u011fi derinlemesine incelemektedir. Yazar, Kur&#8217;an&#8217;\u0131n yaln\u0131zca tarihsel bir belge de\u011fil, t\u00fcm zamanlara ve toplumlara hitap eden bir rehber oldu\u011funu vurguluyor. \u0130slam&#8217;\u0131n birlik ve karde\u015flik anlay\u0131\u015f\u0131n\u0131 \u00f6n plana \u00e7\u0131kararak, mezhepsel ayr\u0131l\u0131klar\u0131n ve tarihsel \u00e7at\u0131\u015fmalar\u0131n \u00fcstesinden gelinmesi gerekti\u011fini savunuyor.<\/p>\n<p data-renderer-start-pos=\"404\">Kur&#8217;an&#8217;\u0131n ilahi k\u00f6kenine ve insan\u0131n f\u0131trat\u0131yla olan uyumuna dikkat \u00e7eken yazar, M\u00fcsl\u00fcmanlar\u0131n, Kur&#8217;an&#8217;\u0131n emir ve tavsiyeleri do\u011frultusunda ya\u015famalar\u0131n\u0131 te\u015fvik ediyor. Ayr\u0131ca, Veda Hutbesi&#8217;nden al\u0131nan derslerle, ge\u00e7mi\u015fin kan davalar\u0131n\u0131n ve ayr\u0131l\u0131klar\u0131n geride b\u0131rak\u0131lmas\u0131 gerekti\u011fini ifade ediyor.<\/p>\n<p data-renderer-start-pos=\"702\">Eser, okuyuculara \u0130slam&#8217;\u0131n evrensel mesaj\u0131n\u0131 anlamalar\u0131 ve bu mesaj\u0131 hayatlar\u0131na entegre etmeleri i\u00e7in ilham vermeyi ama\u00e7l\u0131yor. \u0130slam \u00fcmmetinin birli\u011fini sa\u011flamak ve ger\u00e7ek tevhid bilincine ula\u015fmak i\u00e7in Mehdi Resullah\u2019\u0131n rehberli\u011finde birle\u015fme \u00e7a\u011fr\u0131s\u0131 yap\u0131yor.<\/p>","protected":false},"excerpt":{"rendered":"<p>Bu eser, Kur&#8217;an-\u0131 Kerim&#8217;in evrensel mesaj\u0131n\u0131 ve insanl\u0131\u011fa sundu\u011fu rehberli\u011fi derinlemesine incelemektedir. Yazar, Kur&#8217;an&#8217;\u0131n yaln\u0131zca tarihsel bir belge de\u011fil, t\u00fcm zamanlara ve toplumlara hitap eden bir rehber oldu\u011funu vurguluyor. \u0130slam&#8217;\u0131n birlik ve karde\u015flik anlay\u0131\u015f\u0131n\u0131 \u00f6n plana \u00e7\u0131kararak, mezhepsel ayr\u0131l\u0131klar\u0131n ve tarihsel \u00e7at\u0131\u015fmalar\u0131n \u00fcstesinden gelinmesi gerekti\u011fini savunuyor. Kur&#8217;an&#8217;\u0131n ilahi k\u00f6kenine ve insan\u0131n f\u0131trat\u0131yla olan uyumuna dikkat [&hellip;]<\/p>\n","protected":false},"featured_media":4614,"comment_status":"closed","ping_status":"open","template":"","meta":{"inline_featured_image":false},"product_cat":[371],"product_tag":[],"class_list":{"0":"post-6094","1":"product","2":"type-product","3":"status-publish","4":"has-post-thumbnail","6":"product_cat-din-tasavvuf-kitaplari","7":"pa_boyut-135-x-195-cm","8":"pa_dil-turkce","9":"pa_sayfa-sayisi-454","10":"pa_yayin-tarihi-11-15-2024","11":"pa_yazar-halil-ibrahim-akbaba","13":"first","14":"instock","15":"sale","16":"purchasable","17":"product-type-simple"},"_links":{"self":[{"href":"https:\/\/www.buramkitabevi.com\/en\/wp-json\/wp\/v2\/product\/6094","targetHints":{"allow":["GET"]}}],"collection":[{"href":"https:\/\/www.buramkitabevi.com\/en\/wp-json\/wp\/v2\/product"}],"about":[{"href":"https:\/\/www.buramkitabevi.com\/en\/wp-json\/wp\/v2\/types\/product"}],"replies":[{"embeddable":true,"href":"https:\/\/www.buramkitabevi.com\/en\/wp-json\/wp\/v2\/comments?post=6094"}],"wp:featuredmedia":[{"embeddable":true,"href":"https:\/\/www.buramkitabevi.com\/en\/wp-json\/wp\/v2\/media\/4614"}],"wp:attachment":[{"href":"https:\/\/www.buramkitabevi.com\/en\/wp-json\/wp\/v2\/media?parent=6094"}],"wp:term":[{"taxonomy":"product_cat","embeddable":true,"href":"https:\/\/www.buramkitabevi.com\/en\/wp-json\/wp\/v2\/product_cat?post=6094"},{"taxonomy":"product_tag","embeddable":true,"href":"https:\/\/www.buramkitabevi.com\/en\/wp-json\/wp\/v2\/product_tag?post=6094"}],"curies":[{"name":"wp","href":"https:\/\/api.w.org\/{rel}","templated":true}]}}