{"id":6053,"date":"2025-10-16T11:45:42","date_gmt":"2025-10-16T08:45:42","guid":{"rendered":"http:\/\/www.buramkitabevi.com\/kitap\/kittici-abdul-manan-tashqin"},"modified":"2025-10-16T11:45:43","modified_gmt":"2025-10-16T08:45:43","slug":"kittici-abdul-manan-tashqin","status":"publish","type":"product","link":"https:\/\/www.buramkitabevi.com\/en\/kitap\/kittici-abdul-manan-tashqin","title":{"rendered":"Kittici &#8211; Abdul Manan Tashqin"},"content":{"rendered":"<p>B\u00fct\u00fcn diri varl\u0131klar gibi yal\u0131nguklar\u0131n da (insanlar\u0131n da) do\u011fu\u015ftan \u00f6l\u00fcme kadar az \u00e7ok iyi k\u00f6t\u00fc duy\u011fular\u0131n\u0131n yan\u0131nda, tatl\u0131 tats\u0131z an\u0131lar\u0131 ile k\u0131van\u00e7l\u0131 kayg\u0131l\u0131 \u00f6yk\u00fcleri de olabilir.<\/p>\n<p>Bu \u00f6yk\u00fcler de, birbirine kar\u015f\u0131 olan iki ku\u015fa benziyorlar. Onlardan biri \u00e7ok g\u00fczel, t\u00fcyleri de t\u00fcrl\u00fc boyal\u0131, kimin ba\u015f\u0131na konursa, onu g\u00fcld\u00fcrerek g\u00f6nl\u00fcne mutluluklar ya\u011fd\u0131r\u0131r. Ancak, bu g\u00fczel mutluluklar ku\u015fu, uzun \u00f6d (zaman) bir yerde duramaz. O ba\u015fkas\u0131 da \u00e7ok \u00e7il (\u00e7irkin), kanatlar\u0131 ok gibi, tom\u015fu\u011fu (ku\u015fun gagas\u0131) da a\u011f\u0131l\u0131 (zehirli), kimin ba\u015f\u0131na konursa, onun g\u00f6nl\u00fcne mutsuzluk ile kayg\u0131lar eker.<\/p>\n<p>Kimse de bu ku\u015flar\u0131n hangisi ka\u00e7an (ne zaman), nerde, nas\u0131l kimin ba\u015f\u0131na konaca\u011f\u0131n\u0131 \u00f6nceden bilemez. \u00d6d (zaman) ak\u0131\u015f\u0131 ile birlikte, bu ku\u015flar da beklenilmeyen anlarda her ki\u015finin ba\u015f\u0131na konabileceklerdir. Bu da \u015fu demek oluyor ki, biz yal\u0131nguklar\u0131n (insanlar\u0131n) ya\u015famlar\u0131 t\u00fcrl\u00fc k\u0131vand\u0131r\u0131c\u0131, sevindirici ya da kayg\u0131l\u0131 (\u00fcz\u00fcc\u00fc) \u00f6yk\u00fclerin yolda\u015fl\u0131\u011f\u0131nda ge\u00e7er.<\/p>\n<p>En mutlu olan o ki\u015filerdir ki, ba\u015flar\u0131na hep g\u00fczel mutluluk ku\u015flar\u0131 konarak onlar\u0131 hep g\u00fcld\u00fcr\u00fcp sevindirse.<\/p>\n<p>\u2026<\/p>\n<p>Bu bas\u0131mla Atam\u0131n ya\u015fad\u0131\u011f\u0131 toplumun sorunlar\u0131n\u0131 yans\u0131tan ile ger\u00e7ek olaylara dayanan de\u011ferli bitiklerinden bir \u00f6rne\u011fi siz de\u011ferli okuyucular\u0131na sunabildi\u011fim i\u00e7in kendisiyle sonsuz k\u0131van\u00e7 duydu\u011fumu bildirmek isterim.<\/p>","protected":false},"excerpt":{"rendered":"<p>B\u00fct\u00fcn diri varl\u0131klar gibi yal\u0131nguklar\u0131n da (insanlar\u0131n da) do\u011fu\u015ftan \u00f6l\u00fcme kadar az \u00e7ok iyi k\u00f6t\u00fc duy\u011fular\u0131n\u0131n yan\u0131nda, tatl\u0131 tats\u0131z an\u0131lar\u0131 ile k\u0131van\u00e7l\u0131 kayg\u0131l\u0131 \u00f6yk\u00fcleri de olabilir. Bu \u00f6yk\u00fcler de, birbirine kar\u015f\u0131 olan iki ku\u015fa benziyorlar. Onlardan biri \u00e7ok g\u00fczel, t\u00fcyleri de t\u00fcrl\u00fc boyal\u0131, kimin ba\u015f\u0131na konursa, onu g\u00fcld\u00fcrerek g\u00f6nl\u00fcne mutluluklar ya\u011fd\u0131r\u0131r. Ancak, bu g\u00fczel mutluluklar [&hellip;]<\/p>\n","protected":false},"featured_media":4532,"comment_status":"closed","ping_status":"open","template":"","meta":{"inline_featured_image":false},"product_cat":[657],"product_tag":[],"class_list":{"0":"post-6053","1":"product","2":"type-product","3":"status-publish","4":"has-post-thumbnail","6":"product_cat-oyku","7":"pa_boyut-135-x-195-cm","8":"pa_dil-turkce","9":"pa_sayfa-sayisi-778","10":"pa_yayin-tarihi-3-4-2024","11":"pa_yazar-abdul-manan-tashqin","13":"first","14":"instock","15":"sale","16":"purchasable","17":"product-type-simple"},"_links":{"self":[{"href":"https:\/\/www.buramkitabevi.com\/en\/wp-json\/wp\/v2\/product\/6053","targetHints":{"allow":["GET"]}}],"collection":[{"href":"https:\/\/www.buramkitabevi.com\/en\/wp-json\/wp\/v2\/product"}],"about":[{"href":"https:\/\/www.buramkitabevi.com\/en\/wp-json\/wp\/v2\/types\/product"}],"replies":[{"embeddable":true,"href":"https:\/\/www.buramkitabevi.com\/en\/wp-json\/wp\/v2\/comments?post=6053"}],"wp:featuredmedia":[{"embeddable":true,"href":"https:\/\/www.buramkitabevi.com\/en\/wp-json\/wp\/v2\/media\/4532"}],"wp:attachment":[{"href":"https:\/\/www.buramkitabevi.com\/en\/wp-json\/wp\/v2\/media?parent=6053"}],"wp:term":[{"taxonomy":"product_cat","embeddable":true,"href":"https:\/\/www.buramkitabevi.com\/en\/wp-json\/wp\/v2\/product_cat?post=6053"},{"taxonomy":"product_tag","embeddable":true,"href":"https:\/\/www.buramkitabevi.com\/en\/wp-json\/wp\/v2\/product_tag?post=6053"}],"curies":[{"name":"wp","href":"https:\/\/api.w.org\/{rel}","templated":true}]}}