{"id":6004,"date":"2025-10-16T11:45:34","date_gmt":"2025-10-16T08:45:34","guid":{"rendered":"http:\/\/www.buramkitabevi.com\/kitap\/turk-siyasi-tarihinde-rize-1946-1980-kaan-cem-genis"},"modified":"2025-10-16T11:45:34","modified_gmt":"2025-10-16T08:45:34","slug":"turk-siyasi-tarihinde-rize-1946-1980-kaan-cem-genis","status":"publish","type":"product","link":"https:\/\/www.buramkitabevi.com\/en\/kitap\/turk-siyasi-tarihinde-rize-1946-1980-kaan-cem-genis","title":{"rendered":"T\u00fcrk Siyasi Tarihinde Rize (1946-1980) &#8211; Kaan Cem Geni\u015f"},"content":{"rendered":"<p>Rize, T\u00fcrk siyasi tarihinde \u00f6nemli bir konuma sahiptir. T\u00fcrk siyasetinde \u00f6nemli ve etkin rol oynam\u0131\u015f \u015fahsiyetlerin bir b\u00f6l\u00fcm\u00fc Rize\u2019den yeti\u015fmi\u015ftir. Rize siyasi hayat\u0131m\u0131za 2 ba\u015fbakan ve h\u00fck\u00fcmette g\u00f6rev yapm\u0131\u015f pek \u00e7ok vekil kazand\u0131rm\u0131\u015ft\u0131r.<\/p>\n<p>Bu \u00e7al\u0131\u015fmada T\u00fcrkiye\u2019nin \u00e7ok partili hayata ge\u00e7mi\u015f oldu\u011fu zamandan, 12 Eyl\u00fcl darbesine kadar ge\u00e7mi\u015f olan s\u00fcrede Rize\u2019deki siyasi faaliyetler, T\u00fcrkiye\u2019de ya\u015fanm\u0131\u015f olan genel siyasi olay ve faaliyetlerle desteklenerek anlat\u0131lm\u0131\u015ft\u0131r. 1946 y\u0131l\u0131ndan ba\u015flayarak Rize\u2019de ya\u015fanm\u0131\u015f siyasi faaliyetler detayl\u0131ca ele al\u0131nm\u0131\u015ft\u0131r. Ya\u015fanan se\u00e7imler, halk oylamalar\u0131, parti kongreleri, siyasilerin b\u00f6lgeye yapm\u0131\u015f olduklar\u0131 ziyaretler ayr\u0131nt\u0131lar\u0131yla sunulmaya \u00e7al\u0131\u015f\u0131lm\u0131\u015ft\u0131r. Rize tarihinden kesitler sunulurken ayn\u0131 zamanda memlekette ya\u015fanan geli\u015fmelerde e\u015f zamanl\u0131 olarak aktar\u0131lm\u0131\u015ft\u0131r. Bu \u00e7al\u0131\u015fma ne tam bir yerel tarih ne de tam bir T\u00fcrk siyasi tarihidir. Bu iki olgunun harmanlanmas\u0131yla ortaya \u00e7\u0131km\u0131\u015f bir eserdir. Ar\u015fiv belgeleri a\u011f\u0131rl\u0131kl\u0131 olmak \u00fczere Rize\u2019de ya\u015fanm\u0131\u015f olan siyasi olu\u015fumlar, faaliyetler ortaya \u00e7\u0131kar\u0131lmaya ve en do\u011fru \u015fekilde aktar\u0131lmaya \u00e7al\u0131\u015f\u0131lm\u0131\u015ft\u0131r.<\/p>","protected":false},"excerpt":{"rendered":"<p>Rize, T\u00fcrk siyasi tarihinde \u00f6nemli bir konuma sahiptir. T\u00fcrk siyasetinde \u00f6nemli ve etkin rol oynam\u0131\u015f \u015fahsiyetlerin bir b\u00f6l\u00fcm\u00fc Rize\u2019den yeti\u015fmi\u015ftir. Rize siyasi hayat\u0131m\u0131za 2 ba\u015fbakan ve h\u00fck\u00fcmette g\u00f6rev yapm\u0131\u015f pek \u00e7ok vekil kazand\u0131rm\u0131\u015ft\u0131r. Bu \u00e7al\u0131\u015fmada T\u00fcrkiye\u2019nin \u00e7ok partili hayata ge\u00e7mi\u015f oldu\u011fu zamandan, 12 Eyl\u00fcl darbesine kadar ge\u00e7mi\u015f olan s\u00fcrede Rize\u2019deki siyasi faaliyetler, T\u00fcrkiye\u2019de ya\u015fanm\u0131\u015f olan [&hellip;]<\/p>\n","protected":false},"featured_media":4435,"comment_status":"closed","ping_status":"open","template":"","meta":{"inline_featured_image":false},"product_cat":[629],"product_tag":[],"class_list":{"0":"post-6004","1":"product","2":"type-product","3":"status-publish","4":"has-post-thumbnail","6":"product_cat-akademik","7":"pa_boyut-16-x-24-cm","8":"pa_dil-turkce","9":"pa_sayfa-sayisi-621","10":"pa_yayin-tarihi-6-13-2023","11":"pa_yazar-kaan-cem-genis","13":"first","14":"instock","15":"sale","16":"purchasable","17":"product-type-simple"},"_links":{"self":[{"href":"https:\/\/www.buramkitabevi.com\/en\/wp-json\/wp\/v2\/product\/6004","targetHints":{"allow":["GET"]}}],"collection":[{"href":"https:\/\/www.buramkitabevi.com\/en\/wp-json\/wp\/v2\/product"}],"about":[{"href":"https:\/\/www.buramkitabevi.com\/en\/wp-json\/wp\/v2\/types\/product"}],"replies":[{"embeddable":true,"href":"https:\/\/www.buramkitabevi.com\/en\/wp-json\/wp\/v2\/comments?post=6004"}],"wp:featuredmedia":[{"embeddable":true,"href":"https:\/\/www.buramkitabevi.com\/en\/wp-json\/wp\/v2\/media\/4435"}],"wp:attachment":[{"href":"https:\/\/www.buramkitabevi.com\/en\/wp-json\/wp\/v2\/media?parent=6004"}],"wp:term":[{"taxonomy":"product_cat","embeddable":true,"href":"https:\/\/www.buramkitabevi.com\/en\/wp-json\/wp\/v2\/product_cat?post=6004"},{"taxonomy":"product_tag","embeddable":true,"href":"https:\/\/www.buramkitabevi.com\/en\/wp-json\/wp\/v2\/product_tag?post=6004"}],"curies":[{"name":"wp","href":"https:\/\/api.w.org\/{rel}","templated":true}]}}