{"id":5997,"date":"2025-10-16T11:45:32","date_gmt":"2025-10-16T08:45:32","guid":{"rendered":"http:\/\/www.buramkitabevi.com\/kitap\/dogru-yol-islam-yusuf-ziya-izgin"},"modified":"2025-10-16T11:45:32","modified_gmt":"2025-10-16T08:45:32","slug":"dogru-yol-islam-yusuf-ziya-izgin","status":"publish","type":"product","link":"https:\/\/www.buramkitabevi.com\/en\/kitap\/dogru-yol-islam-yusuf-ziya-izgin","title":{"rendered":"Do\u011fru Yol \u0130slam &#8211; Yusuf Ziya \u0130zgin"},"content":{"rendered":"<p>\u0130slam inanc\u0131, ki\u015filerin kendi istekleriyle iyiliklerin ve k\u00f6t\u00fcl\u00fcklerin \u00f6ld\u00fckten sonraki hayatlar\u0131nda \u00f6d\u00fcl veya cezaya neden olaca\u011f\u0131na inanmakt\u0131r.<\/p>\n<p>\u0130slam&#8217;da ak\u0131l ve iman birlikte d\u00fc\u015f\u00fcn\u00fcl\u00fcr. Bu iki husus birbirini tamamlar. Y\u00fcce Allah&#8217;\u0131n kullar\u0131na verdi\u011fi ak\u0131l ve indirdi\u011fi Kur&#8217;an&#8217;\u0131 Kerimdeki bilgilerle ki\u015filerin do\u011fru yolu bulmas\u0131 m\u00fcmk\u00fcnd\u00fcr.<\/p>\n<p>Dinde zorlama yoktur. Dini ki\u015finin kendi tercihi ile dilemesi gerekir. (Bakara-256)<\/p>\n<p>\u0130slam&#8217;da kulluk arac\u0131s\u0131z yap\u0131l\u0131r. Kul ile Allah aras\u0131nda yard\u0131mc\u0131 olacak bir ruhban s\u0131n\u0131f\u0131 yoktur. Bu \u00f6zellik \u0130slam&#8217;\u0131 di\u011fer semavi dinlerden \u00fcst\u00fcn k\u0131lar.<\/p>\n<p>\u0130slam, insanlar aras\u0131nda ayr\u0131m yapmaz. \u00dcst\u00fcnl\u00fc\u011f\u00fc yaln\u0131z takvada g\u00f6r\u00fcn.<\/p>\n<p>Kitap yukar\u0131daki d\u00fc\u015f\u00fcnceler \u0131\u015f\u0131\u011f\u0131nda haz\u0131rlanm\u0131\u015ft\u0131r. Umulur ki fayda sa\u011flar.<\/p>","protected":false},"excerpt":{"rendered":"<p>\u0130slam inanc\u0131, ki\u015filerin kendi istekleriyle iyiliklerin ve k\u00f6t\u00fcl\u00fcklerin \u00f6ld\u00fckten sonraki hayatlar\u0131nda \u00f6d\u00fcl veya cezaya neden olaca\u011f\u0131na inanmakt\u0131r. \u0130slam&#8217;da ak\u0131l ve iman birlikte d\u00fc\u015f\u00fcn\u00fcl\u00fcr. Bu iki husus birbirini tamamlar. Y\u00fcce Allah&#8217;\u0131n kullar\u0131na verdi\u011fi ak\u0131l ve indirdi\u011fi Kur&#8217;an&#8217;\u0131 Kerimdeki bilgilerle ki\u015filerin do\u011fru yolu bulmas\u0131 m\u00fcmk\u00fcnd\u00fcr. Dinde zorlama yoktur. Dini ki\u015finin kendi tercihi ile dilemesi gerekir. (Bakara-256) \u0130slam&#8217;da [&hellip;]<\/p>\n","protected":false},"featured_media":4421,"comment_status":"closed","ping_status":"open","template":"","meta":{"inline_featured_image":false},"product_cat":[371],"product_tag":[],"class_list":{"0":"post-5997","1":"product","2":"type-product","3":"status-publish","4":"has-post-thumbnail","6":"product_cat-din-tasavvuf-kitaplari","7":"pa_boyut-135-x-195-cm","8":"pa_dil-turkce","9":"pa_sayfa-sayisi-485","10":"pa_yayin-tarihi-4-7-2023","11":"pa_yazar-yusuf-ziya-izgin","13":"first","14":"instock","15":"sale","16":"purchasable","17":"product-type-simple"},"_links":{"self":[{"href":"https:\/\/www.buramkitabevi.com\/en\/wp-json\/wp\/v2\/product\/5997","targetHints":{"allow":["GET"]}}],"collection":[{"href":"https:\/\/www.buramkitabevi.com\/en\/wp-json\/wp\/v2\/product"}],"about":[{"href":"https:\/\/www.buramkitabevi.com\/en\/wp-json\/wp\/v2\/types\/product"}],"replies":[{"embeddable":true,"href":"https:\/\/www.buramkitabevi.com\/en\/wp-json\/wp\/v2\/comments?post=5997"}],"wp:featuredmedia":[{"embeddable":true,"href":"https:\/\/www.buramkitabevi.com\/en\/wp-json\/wp\/v2\/media\/4421"}],"wp:attachment":[{"href":"https:\/\/www.buramkitabevi.com\/en\/wp-json\/wp\/v2\/media?parent=5997"}],"wp:term":[{"taxonomy":"product_cat","embeddable":true,"href":"https:\/\/www.buramkitabevi.com\/en\/wp-json\/wp\/v2\/product_cat?post=5997"},{"taxonomy":"product_tag","embeddable":true,"href":"https:\/\/www.buramkitabevi.com\/en\/wp-json\/wp\/v2\/product_tag?post=5997"}],"curies":[{"name":"wp","href":"https:\/\/api.w.org\/{rel}","templated":true}]}}