{"id":5973,"date":"2025-10-16T11:44:23","date_gmt":"2025-10-16T08:44:23","guid":{"rendered":"http:\/\/www.buramkitabevi.com\/kitap\/kurumsal-performans-yonetimi-ve-performans-olcum-sistemleri-dr-cemil-tartan"},"modified":"2025-10-16T11:44:24","modified_gmt":"2025-10-16T08:44:24","slug":"kurumsal-performans-yonetimi-ve-performans-olcum-sistemleri-dr-cemil-tartan","status":"publish","type":"product","link":"https:\/\/www.buramkitabevi.com\/en\/kitap\/kurumsal-performans-yonetimi-ve-performans-olcum-sistemleri-dr-cemil-tartan","title":{"rendered":"Kurumsal Performans Y\u00f6netimi ve Performans \u00d6l\u00e7\u00fcm Sistemleri &#8211; Dr. Cemil Tartan"},"content":{"rendered":"<p>\u0130\u015fletmelerin ayakta kalmalar\u0131 ve b\u00fcy\u00fcmelerini s\u00fcrd\u00fcrmeleri i\u00e7in temel hedef ve ama\u00e7lar\u0131n\u0131 belirlemesi gerekir. Peki, bu hedeflere ula\u015f\u0131l\u0131p ula\u015f\u0131lmad\u0131\u011f\u0131 ya da ne \u00f6l\u00e7\u00fcde ger\u00e7ekle\u015fti\u011fi hangi y\u00f6ntemle anla\u015f\u0131labilir? S\u00f6z gelimi sa\u011fl\u0131k durumumuzu anlamak i\u00e7in belli d\u00f6nemlerde genel bir check-up tan ge\u00e7eriz. Pek \u00e7ok testten ve muayeneden sonra sa\u011fl\u0131k durumumuz hakk\u0131na genel bir kan\u0131ya sahip oluruz. \u0130\u015fte i\u015fletmelerin de genel sa\u011fl\u0131k durumunu takip etmek ve de\u011ferlendirmek, ge\u00e7mi\u015f performanslar\u0131 \u00f6l\u00e7\u00fclerek geli\u015fim alanlar\u0131n\u0131 belirlemek ve bu alanlar\u0131n geli\u015fimini kontrol ve takip etmek i\u00e7in performans y\u00f6netimini kullanmalar\u0131 gerekmektedir.<\/p>","protected":false},"excerpt":{"rendered":"<p>\u0130\u015fletmelerin ayakta kalmalar\u0131 ve b\u00fcy\u00fcmelerini s\u00fcrd\u00fcrmeleri i\u00e7in temel hedef ve ama\u00e7lar\u0131n\u0131 belirlemesi gerekir. Peki, bu hedeflere ula\u015f\u0131l\u0131p ula\u015f\u0131lmad\u0131\u011f\u0131 ya da ne \u00f6l\u00e7\u00fcde ger\u00e7ekle\u015fti\u011fi hangi y\u00f6ntemle anla\u015f\u0131labilir? S\u00f6z gelimi sa\u011fl\u0131k durumumuzu anlamak i\u00e7in belli d\u00f6nemlerde genel bir check-up tan ge\u00e7eriz. Pek \u00e7ok testten ve muayeneden sonra sa\u011fl\u0131k durumumuz hakk\u0131na genel bir kan\u0131ya sahip oluruz. \u0130\u015fte i\u015fletmelerin [&hellip;]<\/p>\n","protected":false},"featured_media":4374,"comment_status":"closed","ping_status":"open","template":"","meta":{"inline_featured_image":false},"product_cat":[759],"product_tag":[],"class_list":{"0":"post-5973","1":"product","2":"type-product","3":"status-publish","4":"has-post-thumbnail","6":"product_cat-ekonomi","7":"pa_boyut-135-x-195-cm","8":"pa_dil-turkce","9":"pa_sayfa-sayisi-766","10":"pa_yayin-tarihi-11-15-2022","11":"pa_yazar-dr-cemil-tartan","13":"first","14":"instock","15":"sale","16":"purchasable","17":"product-type-simple"},"_links":{"self":[{"href":"https:\/\/www.buramkitabevi.com\/en\/wp-json\/wp\/v2\/product\/5973","targetHints":{"allow":["GET"]}}],"collection":[{"href":"https:\/\/www.buramkitabevi.com\/en\/wp-json\/wp\/v2\/product"}],"about":[{"href":"https:\/\/www.buramkitabevi.com\/en\/wp-json\/wp\/v2\/types\/product"}],"replies":[{"embeddable":true,"href":"https:\/\/www.buramkitabevi.com\/en\/wp-json\/wp\/v2\/comments?post=5973"}],"wp:featuredmedia":[{"embeddable":true,"href":"https:\/\/www.buramkitabevi.com\/en\/wp-json\/wp\/v2\/media\/4374"}],"wp:attachment":[{"href":"https:\/\/www.buramkitabevi.com\/en\/wp-json\/wp\/v2\/media?parent=5973"}],"wp:term":[{"taxonomy":"product_cat","embeddable":true,"href":"https:\/\/www.buramkitabevi.com\/en\/wp-json\/wp\/v2\/product_cat?post=5973"},{"taxonomy":"product_tag","embeddable":true,"href":"https:\/\/www.buramkitabevi.com\/en\/wp-json\/wp\/v2\/product_tag?post=5973"}],"curies":[{"name":"wp","href":"https:\/\/api.w.org\/{rel}","templated":true}]}}