{"id":5954,"date":"2025-10-16T11:44:23","date_gmt":"2025-10-16T08:44:23","guid":{"rendered":"http:\/\/www.buramkitabevi.com\/kitap\/dini-ve-sosyal-hayatta-irfan-geleneginin-yeniden-ihyasi-dr-ihsan-kara"},"modified":"2025-10-16T11:44:23","modified_gmt":"2025-10-16T08:44:23","slug":"dini-ve-sosyal-hayatta-irfan-geleneginin-yeniden-ihyasi-dr-ihsan-kara","status":"publish","type":"product","link":"https:\/\/www.buramkitabevi.com\/en\/kitap\/dini-ve-sosyal-hayatta-irfan-geleneginin-yeniden-ihyasi-dr-ihsan-kara","title":{"rendered":"Dini ve Sosyal Hayatta \u0130rfan Gelene\u011finin Yeniden \u0130hyas\u0131 &#8211; Dr. \u0130hsan Kara"},"content":{"rendered":"<p>Ge\u00e7mi\u015fi g\u00fcn\u00fcm\u00fcze aynen ta\u015f\u0131man\u0131n anlams\u0131zl\u0131\u011f\u0131 kadar, onu nostalji olarak g\u00f6r\u00fcp birikim ve tecr\u00fcbelerinden yararlanmamak da do\u011fru de\u011fildir.<\/p>\n<p>Ecdad\u0131m\u0131z\u0131n her alandaki ilm\u00ee ve irfan\u00ee birikimini, g\u00fcn\u00fcm\u00fcz d\u00fcnyas\u0131n\u0131n bilimsel ve teknolojik \u015fartlar\u0131yla harmanlayarak ortaya konulacak dini ve sosyal bir hayat tarz\u0131n\u0131n, insanl\u0131\u011fa arad\u0131\u011f\u0131 huzur ve mutlulu\u011fu getirece\u011fine y\u00fcrekten inan\u0131yorum.<\/p>\n<p>\u0130\u015fte bu kitapta; ruhlar\u0131n bunald\u0131\u011f\u0131, insanlar\u0131n bireyselle\u015ferek yaln\u0131zla\u015ft\u0131\u011f\u0131, mutsuz ve ruhsuz bir d\u00fcnyadan; inan\u00e7l\u0131, huzurlu ve irfan\u00ee ruhla donat\u0131lm\u0131\u015f mutlu bir d\u00fcnyaya giden yolun temel ta\u015flar\u0131 ele al\u0131n\u0131yor. \u00c7a\u011f\u0131m\u0131zda irfan gelene\u011fi ve tasavvuf\u00ee hayat\u0131n dini ve sosyal hayat\u0131m\u0131zda uygulanabilirli\u011fi sorgulanarak, fikir ve d\u00fc\u015f\u00fcnceler payla\u015f\u0131l\u0131yor ve okurun istifadesine sunuluyor.<\/p>","protected":false},"excerpt":{"rendered":"<p>Ge\u00e7mi\u015fi g\u00fcn\u00fcm\u00fcze aynen ta\u015f\u0131man\u0131n anlams\u0131zl\u0131\u011f\u0131 kadar, onu nostalji olarak g\u00f6r\u00fcp birikim ve tecr\u00fcbelerinden yararlanmamak da do\u011fru de\u011fildir. Ecdad\u0131m\u0131z\u0131n her alandaki ilm\u00ee ve irfan\u00ee birikimini, g\u00fcn\u00fcm\u00fcz d\u00fcnyas\u0131n\u0131n bilimsel ve teknolojik \u015fartlar\u0131yla harmanlayarak ortaya konulacak dini ve sosyal bir hayat tarz\u0131n\u0131n, insanl\u0131\u011fa arad\u0131\u011f\u0131 huzur ve mutlulu\u011fu getirece\u011fine y\u00fcrekten inan\u0131yorum. \u0130\u015fte bu kitapta; ruhlar\u0131n bunald\u0131\u011f\u0131, insanlar\u0131n bireyselle\u015ferek yaln\u0131zla\u015ft\u0131\u011f\u0131, [&hellip;]<\/p>\n","protected":false},"featured_media":4334,"comment_status":"closed","ping_status":"open","template":"","meta":{"inline_featured_image":false},"product_cat":[371],"product_tag":[],"class_list":{"0":"post-5954","1":"product","2":"type-product","3":"status-publish","4":"has-post-thumbnail","6":"product_cat-din-tasavvuf-kitaplari","7":"pa_boyut-135-x-195-cm","8":"pa_dil-turkce","9":"pa_sayfa-sayisi-728","10":"pa_yayin-tarihi-6-24-2022","11":"pa_yazar-dr-ihsan-kara","13":"first","14":"instock","15":"sale","16":"purchasable","17":"product-type-simple"},"_links":{"self":[{"href":"https:\/\/www.buramkitabevi.com\/en\/wp-json\/wp\/v2\/product\/5954","targetHints":{"allow":["GET"]}}],"collection":[{"href":"https:\/\/www.buramkitabevi.com\/en\/wp-json\/wp\/v2\/product"}],"about":[{"href":"https:\/\/www.buramkitabevi.com\/en\/wp-json\/wp\/v2\/types\/product"}],"replies":[{"embeddable":true,"href":"https:\/\/www.buramkitabevi.com\/en\/wp-json\/wp\/v2\/comments?post=5954"}],"wp:featuredmedia":[{"embeddable":true,"href":"https:\/\/www.buramkitabevi.com\/en\/wp-json\/wp\/v2\/media\/4334"}],"wp:attachment":[{"href":"https:\/\/www.buramkitabevi.com\/en\/wp-json\/wp\/v2\/media?parent=5954"}],"wp:term":[{"taxonomy":"product_cat","embeddable":true,"href":"https:\/\/www.buramkitabevi.com\/en\/wp-json\/wp\/v2\/product_cat?post=5954"},{"taxonomy":"product_tag","embeddable":true,"href":"https:\/\/www.buramkitabevi.com\/en\/wp-json\/wp\/v2\/product_tag?post=5954"}],"curies":[{"name":"wp","href":"https:\/\/api.w.org\/{rel}","templated":true}]}}