{"id":5945,"date":"2025-10-16T11:44:20","date_gmt":"2025-10-16T08:44:20","guid":{"rendered":"http:\/\/www.buramkitabevi.com\/kitap\/mavi-takkeli-lokmacilar-mustafa-eser"},"modified":"2025-10-16T11:44:21","modified_gmt":"2025-10-16T08:44:21","slug":"mavi-takkeli-lokmacilar-mustafa-eser","status":"publish","type":"product","link":"https:\/\/www.buramkitabevi.com\/en\/kitap\/mavi-takkeli-lokmacilar-mustafa-eser","title":{"rendered":"Mavi Takkeli Lokmac\u0131lar &#8211; Mustafa Eser"},"content":{"rendered":"<p>Ailece iftara \u00e7a\u011fr\u0131ld\u0131\u011f\u0131m\u0131z olurdu bu on bir ay\u0131n sultan\u0131nda. Bazen de babam evimize arkada\u015flar\u0131n\u0131 \u00e7a\u011f\u0131r\u0131rd\u0131. Uzak, yak\u0131n akrabalar\u0131m\u0131z, kom\u015fular\u0131m\u0131z gelirdi iftara.<\/p>\n<p>Gelenler aras\u0131nda yurt ve okul talebelerine yard\u0131m derne\u011finden tan\u0131mad\u0131\u011f\u0131m insanlar da olurdu. Bana g\u00f6re bunlar hocaya pek benzemezlerdi. Bunlar daha \u00e7ok tak\u0131m elbise giyen, sakals\u0131z, az b\u0131y\u0131kl\u0131 insanlard\u0131. Neredeyse hepsi beyaz tenliydi. Klormatik g\u00f6zl\u00fckleri vard\u0131 \u00e7o\u011funun. Bir de takkeleri\u2026 Bu takke \u00e7o\u011fu zaman mavi olurdu. Kimi zaman bu takkeler yar\u0131m daire \u015feklinde, kimi zamanda yar\u0131 sert kal\u0131p tarz\u0131ndayd\u0131. Tepesinde ise iplikten bir file vard\u0131r.<\/p>\n<p>*<\/p>\n<p>Aradan bu kadar sene ge\u00e7mesine ra\u011fmen hi\u00e7 ama hi\u00e7 unutmuyorum evimize gelen bir hocay\u0131. Hasan Hoca&#8217;yd\u0131 ad\u0131. A\u015f\u0131r\u0131 kiloluydu. Karn\u0131, kafas\u0131, boynu kocamand\u0131. Ellerinin \u00fcst\u00fc \u015fi\u015fti. \u00dcst\u00fcndeki derin yaralar da hemen dikkatimi \u00e7ekmi\u015fti. Y\u00fcr\u00fcrken zorlan\u0131yordu ayn\u0131 zamanda.<\/p>\n<p>\u00d6nce ak\u015fam namaz\u0131n\u0131 k\u0131l\u0131p ard\u0131ndan sofraya ge\u00e7mi\u015ftik. Kad\u0131nlar ayr\u0131, erkekler ayr\u0131 sofradayd\u0131. Sofra demi\u015fken \u015funu da hat\u0131rlatay\u0131m. Annem bug\u00fcn i\u00e7in epey u\u011fra\u015fm\u0131\u015ft\u0131.<\/p>\n<p>Kom\u015fu kad\u0131nlardan bile yard\u0131m istedi\u011fini hat\u0131rl\u0131yorum. B\u00f6yle olunca ortaya m\u00fckemmel bir sofra \u00e7\u0131km\u0131\u015ft\u0131.<\/p>","protected":false},"excerpt":{"rendered":"<p>Ailece iftara \u00e7a\u011fr\u0131ld\u0131\u011f\u0131m\u0131z olurdu bu on bir ay\u0131n sultan\u0131nda. Bazen de babam evimize arkada\u015flar\u0131n\u0131 \u00e7a\u011f\u0131r\u0131rd\u0131. Uzak, yak\u0131n akrabalar\u0131m\u0131z, kom\u015fular\u0131m\u0131z gelirdi iftara. Gelenler aras\u0131nda yurt ve okul talebelerine yard\u0131m derne\u011finden tan\u0131mad\u0131\u011f\u0131m insanlar da olurdu. Bana g\u00f6re bunlar hocaya pek benzemezlerdi. Bunlar daha \u00e7ok tak\u0131m elbise giyen, sakals\u0131z, az b\u0131y\u0131kl\u0131 insanlard\u0131. Neredeyse hepsi beyaz tenliydi. Klormatik g\u00f6zl\u00fckleri [&hellip;]<\/p>\n","protected":false},"featured_media":4316,"comment_status":"closed","ping_status":"open","template":"","meta":{"inline_featured_image":false},"product_cat":[657],"product_tag":[],"class_list":{"0":"post-5945","1":"product","2":"type-product","3":"status-publish","4":"has-post-thumbnail","6":"product_cat-oyku","7":"pa_boyut-13-x-195-cm","8":"pa_dil-turkce","9":"pa_sayfa-sayisi-397","10":"pa_yayin-tarihi-4-28-2022","11":"pa_yazar-mustafa-eser","13":"first","14":"instock","15":"sale","16":"purchasable","17":"product-type-simple"},"_links":{"self":[{"href":"https:\/\/www.buramkitabevi.com\/en\/wp-json\/wp\/v2\/product\/5945","targetHints":{"allow":["GET"]}}],"collection":[{"href":"https:\/\/www.buramkitabevi.com\/en\/wp-json\/wp\/v2\/product"}],"about":[{"href":"https:\/\/www.buramkitabevi.com\/en\/wp-json\/wp\/v2\/types\/product"}],"replies":[{"embeddable":true,"href":"https:\/\/www.buramkitabevi.com\/en\/wp-json\/wp\/v2\/comments?post=5945"}],"wp:featuredmedia":[{"embeddable":true,"href":"https:\/\/www.buramkitabevi.com\/en\/wp-json\/wp\/v2\/media\/4316"}],"wp:attachment":[{"href":"https:\/\/www.buramkitabevi.com\/en\/wp-json\/wp\/v2\/media?parent=5945"}],"wp:term":[{"taxonomy":"product_cat","embeddable":true,"href":"https:\/\/www.buramkitabevi.com\/en\/wp-json\/wp\/v2\/product_cat?post=5945"},{"taxonomy":"product_tag","embeddable":true,"href":"https:\/\/www.buramkitabevi.com\/en\/wp-json\/wp\/v2\/product_tag?post=5945"}],"curies":[{"name":"wp","href":"https:\/\/api.w.org\/{rel}","templated":true}]}}