{"id":5943,"date":"2025-10-16T11:44:20","date_gmt":"2025-10-16T08:44:20","guid":{"rendered":"http:\/\/www.buramkitabevi.com\/kitap\/ayse-ve-muezzanin-maceralari-muezza-ucabilir-mi-emine-celik-aydogan"},"modified":"2025-10-16T11:44:21","modified_gmt":"2025-10-16T08:44:21","slug":"ayse-ve-muezzanin-maceralari-muezza-ucabilir-mi-emine-celik-aydogan","status":"publish","type":"product","link":"https:\/\/www.buramkitabevi.com\/en\/kitap\/ayse-ve-muezzanin-maceralari-muezza-ucabilir-mi-emine-celik-aydogan","title":{"rendered":"Ay\u015fe ve M\u00fcezza&#8217;n\u0131n Maceralar\u0131 &#8211; M\u00fcezza U\u00e7abilir mi? &#8211; Emine \u00c7elik Aydo\u011fan"},"content":{"rendered":"<p>Sana Ay\u015fe ve M\u00fcezza\u2019n\u0131n hikayelerini anlatmak istiyorum. Ay\u015fe ve M\u00fcezza, ayn\u0131 evde ya\u015fayan ve birbirlerini \u00e7ok seven iki arkada\u015f. Beraber oyun oynamay\u0131 \u00e7ok seviyorlar fakat bazen ba\u015flar\u0131na olmad\u0131k \u015feyler gelebiliyor.<\/p>\n<p>Haydi hep beraber Ay\u015fe ve M\u00fcezza\u2019n\u0131n maceralar\u0131n\u0131 okuyup, onlarla arkada\u015f olal\u0131m. Benzer olaylar\u0131 ya\u015fad\u0131ysak, kendimize bu hikayede yer bulabiliriz belki, kim bilir?<\/p>","protected":false},"excerpt":{"rendered":"<p>Sana Ay\u015fe ve M\u00fcezza\u2019n\u0131n hikayelerini anlatmak istiyorum. Ay\u015fe ve M\u00fcezza, ayn\u0131 evde ya\u015fayan ve birbirlerini \u00e7ok seven iki arkada\u015f. Beraber oyun oynamay\u0131 \u00e7ok seviyorlar fakat bazen ba\u015flar\u0131na olmad\u0131k \u015feyler gelebiliyor. Haydi hep beraber Ay\u015fe ve M\u00fcezza\u2019n\u0131n maceralar\u0131n\u0131 okuyup, onlarla arkada\u015f olal\u0131m. Benzer olaylar\u0131 ya\u015fad\u0131ysak, kendimize bu hikayede yer bulabiliriz belki, kim bilir?<\/p>","protected":false},"featured_media":4312,"comment_status":"closed","ping_status":"open","template":"","meta":{"inline_featured_image":false},"product_cat":[386],"product_tag":[],"class_list":{"0":"post-5943","1":"product","2":"type-product","3":"status-publish","4":"has-post-thumbnail","6":"product_cat-cocuk-kitaplari","7":"pa_boyut-19-x-27cm","8":"pa_dil-turkce","9":"pa_sayfa-sayisi-706","10":"pa_yayin-tarihi-5-17-2022","11":"pa_yazar-emine-celik-aydogan","13":"first","14":"instock","15":"sale","16":"purchasable","17":"product-type-simple"},"_links":{"self":[{"href":"https:\/\/www.buramkitabevi.com\/en\/wp-json\/wp\/v2\/product\/5943","targetHints":{"allow":["GET"]}}],"collection":[{"href":"https:\/\/www.buramkitabevi.com\/en\/wp-json\/wp\/v2\/product"}],"about":[{"href":"https:\/\/www.buramkitabevi.com\/en\/wp-json\/wp\/v2\/types\/product"}],"replies":[{"embeddable":true,"href":"https:\/\/www.buramkitabevi.com\/en\/wp-json\/wp\/v2\/comments?post=5943"}],"wp:featuredmedia":[{"embeddable":true,"href":"https:\/\/www.buramkitabevi.com\/en\/wp-json\/wp\/v2\/media\/4312"}],"wp:attachment":[{"href":"https:\/\/www.buramkitabevi.com\/en\/wp-json\/wp\/v2\/media?parent=5943"}],"wp:term":[{"taxonomy":"product_cat","embeddable":true,"href":"https:\/\/www.buramkitabevi.com\/en\/wp-json\/wp\/v2\/product_cat?post=5943"},{"taxonomy":"product_tag","embeddable":true,"href":"https:\/\/www.buramkitabevi.com\/en\/wp-json\/wp\/v2\/product_tag?post=5943"}],"curies":[{"name":"wp","href":"https:\/\/api.w.org\/{rel}","templated":true}]}}