{"id":5829,"date":"2025-10-16T11:44:04","date_gmt":"2025-10-16T08:44:04","guid":{"rendered":"http:\/\/www.buramkitabevi.com\/kitap\/mutefelsif-bir-zihin-huseyin-yezen"},"modified":"2025-10-16T11:44:05","modified_gmt":"2025-10-16T08:44:05","slug":"mutefelsif-bir-zihin-huseyin-yezen","status":"publish","type":"product","link":"https:\/\/www.buramkitabevi.com\/en\/kitap\/mutefelsif-bir-zihin-huseyin-yezen","title":{"rendered":"M\u00fctefelsif Bir Zihin &#8211; H\u00fcseyin Yezen"},"content":{"rendered":"","protected":false},"excerpt":{"rendered":"<p>Nefis, kullu\u011fun zahiri k\u00fclfeti alt\u0131na girmek istemeyip o sorumluluktan ka\u00e7mak i\u00e7in m\u00fctemadiyen bir \u00e7\u0131k\u0131\u015f yolu aramaya koyulur. O aray\u0131\u015f neticesinde, insan\u0131n akl\u0131 ve kalbi bir\u00e7ok \u015f\u00fcphelerle m\u00fclevves olur.<\/p>\n<p>Bu \u015f\u00fcphelerin makul cevaplar\u0131 verilmedik\u00e7e, adeta bir sava\u015f topu gibi iman gemisine taarruz edip hasar vermek suretiyle o geminin ink\u00e2r denizinde gark olmas\u0131na sebebiyet verebilir.<\/p>\n<p>Biz de, bu \u015f\u00fcphelerle yaralanm\u0131\u015f kalplere ve m\u00fctefelsif zihinlere, ab-\u0131 hayat t\u00fcr\u00fcnden bir merhem sunabilmek ad\u0131na, zihindeki \u015f\u00fcphelere makul cevaplar vermeye \u00e7al\u0131\u015ft\u0131k. Gayret bizden, muvaffakiyet Allah\u2019tand\u0131r.<\/p>","protected":false},"featured_media":4083,"comment_status":"closed","ping_status":"open","template":"","meta":{"inline_featured_image":false},"product_cat":[371],"product_tag":[],"class_list":{"0":"post-5829","1":"product","2":"type-product","3":"status-publish","4":"has-post-thumbnail","6":"product_cat-din-tasavvuf-kitaplari","7":"pa_boyut-135-x-195-cm","8":"pa_dil-turkce","9":"pa_sayfa-sayisi-483","10":"pa_yayin-tarihi-5-8-2019","11":"pa_yazar-huseyin-yezen","13":"first","14":"instock","15":"sale","16":"purchasable","17":"product-type-simple"},"_links":{"self":[{"href":"https:\/\/www.buramkitabevi.com\/en\/wp-json\/wp\/v2\/product\/5829","targetHints":{"allow":["GET"]}}],"collection":[{"href":"https:\/\/www.buramkitabevi.com\/en\/wp-json\/wp\/v2\/product"}],"about":[{"href":"https:\/\/www.buramkitabevi.com\/en\/wp-json\/wp\/v2\/types\/product"}],"replies":[{"embeddable":true,"href":"https:\/\/www.buramkitabevi.com\/en\/wp-json\/wp\/v2\/comments?post=5829"}],"wp:featuredmedia":[{"embeddable":true,"href":"https:\/\/www.buramkitabevi.com\/en\/wp-json\/wp\/v2\/media\/4083"}],"wp:attachment":[{"href":"https:\/\/www.buramkitabevi.com\/en\/wp-json\/wp\/v2\/media?parent=5829"}],"wp:term":[{"taxonomy":"product_cat","embeddable":true,"href":"https:\/\/www.buramkitabevi.com\/en\/wp-json\/wp\/v2\/product_cat?post=5829"},{"taxonomy":"product_tag","embeddable":true,"href":"https:\/\/www.buramkitabevi.com\/en\/wp-json\/wp\/v2\/product_tag?post=5829"}],"curies":[{"name":"wp","href":"https:\/\/api.w.org\/{rel}","templated":true}]}}