{"id":5815,"date":"2025-10-16T11:44:04","date_gmt":"2025-10-16T08:44:04","guid":{"rendered":"http:\/\/www.buramkitabevi.com\/kitap\/unlu-matematikciler-ve-ilginc-hayatlari-fatma-buyukkececi"},"modified":"2025-10-16T11:44:04","modified_gmt":"2025-10-16T08:44:04","slug":"unlu-matematikciler-ve-ilginc-hayatlari-fatma-buyukkececi","status":"publish","type":"product","link":"https:\/\/www.buramkitabevi.com\/en\/kitap\/unlu-matematikciler-ve-ilginc-hayatlari-fatma-buyukkececi","title":{"rendered":"\u00dcnl\u00fc Matematik\u00e7iler ve \u0130lgin\u00e7 Hayatlar\u0131 &#8211; Fatma B\u00fcy\u00fckke\u00e7eci"},"content":{"rendered":"","protected":false},"excerpt":{"rendered":"<p>BUNLARI B\u0130L\u0130YOR MUYDUNUZ?<\/p>\n<p>\u2022 Einstein\u2019dan 1000 y\u0131l \u00f6nce izafiyet teorisinin bulundu\u011funu,<br \/>\n\u2022 Cebirin mucidinin Harezm\u00ee oldu\u011funu,<br \/>\n\u2022 G\u00fcne\u015fin yar\u0131\u00e7ap\u0131n\u0131n 1150 y\u0131l \u00f6nce hesapland\u0131\u011f\u0131n\u0131,<br \/>\n\u2022 Birun\u00ee\u2019nin eserlerinin halen yabanc\u0131 \u00fcniversitelerde ders olarak okutuldu\u011funu,<br \/>\n\u2022 Yakla\u015f\u0131k 3700 y\u0131ld\u0131r pi say\u0131s\u0131n\u0131n kullan\u0131ld\u0131\u011f\u0131n\u0131,<br \/>\n\u2022 Zenon\u2019un insan\u00fcst\u00fc bir varl\u0131k oldu\u011fu d\u00fc\u015f\u00fcn\u00fcld\u00fc\u011f\u00fc i\u00e7in idam edildi\u011fini,<br \/>\n\u2022 Pi sembol\u00fcn\u00fc ilk olarak Euler\u2019in kulland\u0131\u011f\u0131n\u0131,<br \/>\n\u2022 Gauss\u2019un, \u00fc\u00e7 ya\u015f\u0131nda okuma yazma bilmedi\u011fi halde toplama ve \u00e7\u0131karma yapabildi\u011fini,<br \/>\n\u2022 Avrupa\u2019da kad\u0131nlar\u0131n \u00fcniversite e\u011fitimi almas\u0131n\u0131n yasak oldu\u011fu y\u0131llarda \u00f6nemli kad\u0131n matematik\u00e7ilerin var oldu\u011funu,<br \/>\n\u2022 Matematik\u00e7i Sabiha G\u00fcrayman\u2019\u0131n erkek voleybol tak\u0131m\u0131nda oynayan ilk kad\u0131n voleybolcu oldu\u011funu,<br \/>\n\u2022 D\u00fcnyan\u0131n en g\u00fczel matematik form\u00fcl\u00fcn\u00fc,<br \/>\n\u2022 Avrupa\u2019da rakam kullan\u0131m\u0131n\u0131n \u201cdine ayk\u0131r\u0131\u201d kabul edilip bir s\u00fcre kilise taraf\u0131ndan yasakland\u0131\u011f\u0131n\u0131,<br \/>\n\u2022 Godel\u2019in, zehirlenme korkusu ile son g\u00fcnlerinde yemek yemedi\u011fini ve \u00f6ld\u00fc\u011f\u00fcnde sadece 29kg oldu\u011funu biliyor muydunuz?<\/p>\n<p>Matematik\u00e7ilerin \u015fa\u015f\u0131rt\u0131c\u0131 ve ilgin\u00e7 hayatlar\u0131 bu kitapta.<\/p>","protected":false},"featured_media":4055,"comment_status":"closed","ping_status":"open","template":"","meta":{"inline_featured_image":false},"product_cat":[448],"product_tag":[],"class_list":{"0":"post-5815","1":"product","2":"type-product","3":"status-publish","4":"has-post-thumbnail","6":"product_cat-derleme","7":"pa_boyut-135-x-195-cm","8":"pa_dil-turkce","9":"pa_sayfa-sayisi-370","10":"pa_yayin-tarihi-11-27-2018","11":"pa_yazar-fatma-buyukkececi","13":"first","14":"instock","15":"sale","16":"purchasable","17":"product-type-simple"},"_links":{"self":[{"href":"https:\/\/www.buramkitabevi.com\/en\/wp-json\/wp\/v2\/product\/5815","targetHints":{"allow":["GET"]}}],"collection":[{"href":"https:\/\/www.buramkitabevi.com\/en\/wp-json\/wp\/v2\/product"}],"about":[{"href":"https:\/\/www.buramkitabevi.com\/en\/wp-json\/wp\/v2\/types\/product"}],"replies":[{"embeddable":true,"href":"https:\/\/www.buramkitabevi.com\/en\/wp-json\/wp\/v2\/comments?post=5815"}],"wp:featuredmedia":[{"embeddable":true,"href":"https:\/\/www.buramkitabevi.com\/en\/wp-json\/wp\/v2\/media\/4055"}],"wp:attachment":[{"href":"https:\/\/www.buramkitabevi.com\/en\/wp-json\/wp\/v2\/media?parent=5815"}],"wp:term":[{"taxonomy":"product_cat","embeddable":true,"href":"https:\/\/www.buramkitabevi.com\/en\/wp-json\/wp\/v2\/product_cat?post=5815"},{"taxonomy":"product_tag","embeddable":true,"href":"https:\/\/www.buramkitabevi.com\/en\/wp-json\/wp\/v2\/product_tag?post=5815"}],"curies":[{"name":"wp","href":"https:\/\/api.w.org\/{rel}","templated":true}]}}