{"id":5812,"date":"2025-10-16T11:44:01","date_gmt":"2025-10-16T08:44:01","guid":{"rendered":"http:\/\/www.buramkitabevi.com\/kitap\/denizasiri-ulkeden-havadisler-haclilarin-mektuplari-1097-1252-abdurrahman-onur-calisir"},"modified":"2025-10-16T11:44:02","modified_gmt":"2025-10-16T08:44:02","slug":"denizasiri-ulkeden-havadisler-haclilarin-mektuplari-1097-1252-abdurrahman-onur-calisir","status":"publish","type":"product","link":"https:\/\/www.buramkitabevi.com\/en\/kitap\/denizasiri-ulkeden-havadisler-haclilarin-mektuplari-1097-1252-abdurrahman-onur-calisir","title":{"rendered":"Deniza\u015f\u0131r\u0131 \u00dclke&#8217;den Havadisler: Ha\u00e7l\u0131lar\u0131n Mektuplar\u0131 (1097-1252) &#8211; Abdurrahman Onur \u00c7al\u0131\u015f\u0131r"},"content":{"rendered":"","protected":false},"excerpt":{"rendered":"<p>Bu kitap, insanl\u0131k tarihi a\u00e7\u0131s\u0131ndan \u00f6nemli bir d\u00f6nemin \u015fahitleri ve failleri taraf\u0131ndan, Ha\u00e7l\u0131lar taraf\u0131ndan yaz\u0131lm\u0131\u015f 41 adet mektubu i\u00e7ermektedir. Bu nedenle mevzu bahis olan olay\u0131n \u00e7a\u011fda\u015f\u0131 ya da sonras\u0131 d\u00f6neme ait kroniklere, tarih kitaplar\u0131na k\u0131yasla \u015fahitlik a\u00e7\u0131s\u0131ndan daha \u00f6nemli bir konumdad\u0131rlar. Ayr\u0131ca bir olaya\/sefere dair birden \u00e7ok mektubun bulunmas\u0131 bizlere geli\u015fmelerin s\u0131ras\u0131n\u0131 takip edebilme ve kar\u015f\u0131la\u015ft\u0131rma imkan\u0131 da sunmaktad\u0131r. Elbette bu mektuplarda bahsedilen durumlar, t\u0131pk\u0131 t\u00fcm kaynaklarda oldu\u011fu gibi, yazan ki\u015finin kayg\u0131lar\u0131ndan etkilenmi\u015ftir. Mektuplar\u0131 yazan ki\u015filerin farkl\u0131 s\u0131n\u0131f katmanlar\u0131ndan gelmesi de bak\u0131\u015f a\u00e7\u0131s\u0131ndaki \u00e7e\u015fitlili\u011fi artt\u0131ran bir di\u011fer hususdur. Bir mektup yazar\u0131 bazen naml\u0131 bir kral, bazen orta halli bir soylu; bazen bir \u015f\u00f6valye tarikat\u0131n\u0131n \u00fcstad\u0131, bazen s\u0131radan bir \u015f\u00f6valye; bazen bir din adam\u0131 ve bazen de birden fazla ki\u015fi olabilmektedir. \u00d6te yandan mektuplarda sadece ge\u00e7mi\u015fe veya \u015fimdiye dair de\u011fil gelecekte ya\u015fanabilecek olaylara ve giri\u015filmesi d\u00fc\u015f\u00fcn\u00fclen planlara da at\u0131fta bulunulmaktad\u0131r.<\/p>\n<p>Di\u011fer taraftan 150 y\u0131ldan fazla bir zaman dilimini i\u00e7erisine alan mektuplarda sadece Ha\u00e7l\u0131lar hakk\u0131nda de\u011fil Sel\u00e7uklular, Eyy\u00fcbiler, Mo\u011follar, Meml\u00fckler, Harizmliler ve hatta T\u00fcrkmenlere dair bilgilen bulunmakta; b\u00f6ylece bunlar\u0131n Ha\u00e7l\u0131larla olan m\u00fcnasebetleri ve Ha\u00e7l\u0131lar\u0131n bu yap\u0131lara bak\u0131\u015flar\u0131 hakk\u0131nda ayr\u0131nt\u0131lar hatta bazen di\u011fer kaynaklardan \u00f6\u011frenme imkan\u0131m\u0131z\u0131n olmad\u0131\u011f\u0131 bilgiler yer almaktad\u0131r. Bu \u00f6zelliklerinden dolay\u0131 mektuplar sadece Ha\u00e7l\u0131 Seferleri tarihi ilgililerine de\u011fil pek\u00e7ok farkl\u0131 tarih alan\u0131ndan ilgililere hitap etmektedir.<\/p>","protected":false},"featured_media":4047,"comment_status":"closed","ping_status":"open","template":"","meta":{"inline_featured_image":false},"product_cat":[326],"product_tag":[],"class_list":{"0":"post-5812","1":"product","2":"type-product","3":"status-publish","4":"has-post-thumbnail","6":"product_cat-arastirma-inceleme","7":"pa_boyut-16-x-24-cm","8":"pa_dil-turkce","9":"pa_sayfa-sayisi-397","10":"pa_yayin-tarihi-10-22-2018","11":"pa_yazar-abdurrahman-onur-calisir","13":"first","14":"instock","15":"sale","16":"purchasable","17":"product-type-simple"},"_links":{"self":[{"href":"https:\/\/www.buramkitabevi.com\/en\/wp-json\/wp\/v2\/product\/5812","targetHints":{"allow":["GET"]}}],"collection":[{"href":"https:\/\/www.buramkitabevi.com\/en\/wp-json\/wp\/v2\/product"}],"about":[{"href":"https:\/\/www.buramkitabevi.com\/en\/wp-json\/wp\/v2\/types\/product"}],"replies":[{"embeddable":true,"href":"https:\/\/www.buramkitabevi.com\/en\/wp-json\/wp\/v2\/comments?post=5812"}],"wp:featuredmedia":[{"embeddable":true,"href":"https:\/\/www.buramkitabevi.com\/en\/wp-json\/wp\/v2\/media\/4047"}],"wp:attachment":[{"href":"https:\/\/www.buramkitabevi.com\/en\/wp-json\/wp\/v2\/media?parent=5812"}],"wp:term":[{"taxonomy":"product_cat","embeddable":true,"href":"https:\/\/www.buramkitabevi.com\/en\/wp-json\/wp\/v2\/product_cat?post=5812"},{"taxonomy":"product_tag","embeddable":true,"href":"https:\/\/www.buramkitabevi.com\/en\/wp-json\/wp\/v2\/product_tag?post=5812"}],"curies":[{"name":"wp","href":"https:\/\/api.w.org\/{rel}","templated":true}]}}