{"id":5786,"date":"2025-10-16T11:43:58","date_gmt":"2025-10-16T08:43:58","guid":{"rendered":"http:\/\/www.buramkitabevi.com\/kitap\/korece-sozluk-ileri-seviye-topik-kelimeleri-ender-caglar-ucak"},"modified":"2025-10-16T11:43:59","modified_gmt":"2025-10-16T08:43:59","slug":"korece-sozluk-ileri-seviye-topik-kelimeleri-ender-caglar-ucak","status":"publish","type":"product","link":"https:\/\/www.buramkitabevi.com\/en\/kitap\/korece-sozluk-ileri-seviye-topik-kelimeleri-ender-caglar-ucak","title":{"rendered":"Korece S\u00f6zl\u00fck (\u0130leri Seviye Top\u0131k Kelimeleri) &#8211; Ender \u00c7a\u011flar U\u00e7ak"},"content":{"rendered":"<table class=\"attribute\">\n<tbody>\n<tr>\n<td>Yay\u0131n Tarihi<\/td>\n<td>2018-03-06<\/td>\n<\/tr>\n<tr>\n<td>ISBN<\/td>\n<td>6059672917<\/td>\n<\/tr>\n<tr>\n<td>Bask\u0131 Say\u0131s\u0131<\/td>\n<td>1. Bask\u0131<\/td>\n<\/tr>\n<tr>\n<td>Dil<\/td>\n<td>KORECE,T\u00dcRK\u00c7E<\/td>\n<\/tr>\n<tr>\n<td>Sayfa Say\u0131s\u0131<\/td>\n<td>235<\/td>\n<\/tr>\n<tr>\n<td>Cilt Tipi<\/td>\n<td>Karton Kapak<\/td>\n<\/tr>\n<tr>\n<td>Ka\u011f\u0131t Cinsi<\/td>\n<td>Kitap Ka\u011f\u0131d\u0131<\/td>\n<\/tr>\n<tr>\n<td>Boyut<\/td>\n<td>13 x 19 cm<\/td>\n<\/tr>\n<\/tbody>\n<\/table>","protected":false},"excerpt":{"rendered":"<p>2014 y\u0131l\u0131ndan bu yana TOPIK s\u0131nav\u0131, TOPIK I (ba\u015flang\u0131\u00e7) ve TOPIK II (orta ve ileri seviye) olmak \u00fczere iki ayr\u0131 oturum \u015feklinde yap\u0131lmaktad\u0131r. TOPIK I\u2019de ba\u015far\u0131l\u0131 olabilmek i\u00e7in \u00fclkemizde ve yurt d\u0131\u015f\u0131nda \u00e7\u0131km\u0131\u015f yeterli say\u0131da\/d\u00fczeyde dilbilgisi kitab\u0131, s\u00f6zl\u00fck vb. kaynaklar bulunmaktad\u0131r. Ancak, Korece kelime bilgisini orta ve \u00f6zellikle de ileri seviyeye ta\u015f\u0131mak isteyenlere, bu ba\u011flamda TOPIK II s\u0131nav\u0131nda 5. ve 6. seviyeyi hedefleyenlere y\u00f6nelik bir s\u00f6zl\u00fck \u00e7al\u0131\u015fmas\u0131 ne yaz\u0131k ki bug\u00fcne de\u011fin \u00fclkemizde bulunmamaktayd\u0131.<\/p>\n<p>Bu sebeple, &#8220;Korece S\u00f6zl\u00fck &#8211; \u0130leri Seviye TOPIK Kelimeleri&#8221;, \u00fclkemiz a\u00e7\u0131s\u0131ndan alan\u0131ndaki ilk ve tek s\u00f6zl\u00fck niteli\u011findedir.\u00a0 TOPIK s\u0131nav\u0131nda orta ve \u00f6zellikle de ileri seviyeyi (5. ve 6. seviye) hedefleyenler a\u00e7\u0131s\u0131ndan bu s\u00f6zl\u00fck, e\u015fsiz bir kaynakt\u0131r.<\/p>","protected":false},"featured_media":3985,"comment_status":"closed","ping_status":"open","template":"","meta":{"inline_featured_image":false},"product_cat":[344,367],"product_tag":[],"class_list":{"0":"post-5786","1":"product","2":"type-product","3":"status-publish","4":"has-post-thumbnail","6":"product_cat-sinavlara-hazirlik","7":"product_cat-yabanci-dil","8":"pa_boyut-135-x-195-cm","9":"pa_dil-koreceturkce","10":"pa_sayfa-sayisi-366","11":"pa_yayin-tarihi-11-23-2023","12":"pa_yazar-ender-caglar-ucak","14":"first","15":"instock","16":"sale","17":"purchasable","18":"product-type-simple"},"_links":{"self":[{"href":"https:\/\/www.buramkitabevi.com\/en\/wp-json\/wp\/v2\/product\/5786","targetHints":{"allow":["GET"]}}],"collection":[{"href":"https:\/\/www.buramkitabevi.com\/en\/wp-json\/wp\/v2\/product"}],"about":[{"href":"https:\/\/www.buramkitabevi.com\/en\/wp-json\/wp\/v2\/types\/product"}],"replies":[{"embeddable":true,"href":"https:\/\/www.buramkitabevi.com\/en\/wp-json\/wp\/v2\/comments?post=5786"}],"wp:featuredmedia":[{"embeddable":true,"href":"https:\/\/www.buramkitabevi.com\/en\/wp-json\/wp\/v2\/media\/3985"}],"wp:attachment":[{"href":"https:\/\/www.buramkitabevi.com\/en\/wp-json\/wp\/v2\/media?parent=5786"}],"wp:term":[{"taxonomy":"product_cat","embeddable":true,"href":"https:\/\/www.buramkitabevi.com\/en\/wp-json\/wp\/v2\/product_cat?post=5786"},{"taxonomy":"product_tag","embeddable":true,"href":"https:\/\/www.buramkitabevi.com\/en\/wp-json\/wp\/v2\/product_tag?post=5786"}],"curies":[{"name":"wp","href":"https:\/\/api.w.org\/{rel}","templated":true}]}}