{"id":9,"date":"2024-01-10T02:17:00","date_gmt":"2024-01-09T23:17:00","guid":{"rendered":"http:\/\/www.buramkitabevi.com\/index.php\/cart\/"},"modified":"2025-10-13T00:53:29","modified_gmt":"2025-10-12T21:53:29","slug":"cart","status":"publish","type":"page","link":"https:\/\/www.buramkitabevi.com\/en\/cart","title":{"rendered":"Cart"},"content":{"rendered":"<div data-block-name=\"woocommerce\/cart\" class=\"wp-block-woocommerce-cart alignwide is-loading\">\n<div data-block-name=\"woocommerce\/filled-cart-block\" class=\"wp-block-woocommerce-filled-cart-block\">\n<div data-block-name=\"woocommerce\/cart-items-block\" class=\"wp-block-woocommerce-cart-items-block\">\n<div data-block-name=\"woocommerce\/cart-line-items-block\" class=\"wp-block-woocommerce-cart-line-items-block\"><\/div>\n\n\n\n<div data-block-name=\"woocommerce\/cart-cross-sells-block\" class=\"wp-block-woocommerce-cart-cross-sells-block\">\n<h2 class=\"wp-block-heading has-large-font-size\">You may be interested in\u2026<\/h2>\n\n\n\n<div data-block-name=\"woocommerce\/cart-cross-sells-products-block\" class=\"wp-block-woocommerce-cart-cross-sells-products-block\"><\/div>\n<\/div>\n<\/div>\n\n\n\n<div data-block-name=\"woocommerce\/cart-totals-block\" class=\"wp-block-woocommerce-cart-totals-block\">\n<div data-block-name=\"woocommerce\/cart-order-summary-block\" class=\"wp-block-woocommerce-cart-order-summary-block\">\n<div data-block-name=\"woocommerce\/cart-order-summary-heading-block\" class=\"wp-block-woocommerce-cart-order-summary-heading-block\"><\/div><div data-block-name=\"woocommerce\/cart-order-summary-coupon-form-block\" class=\"wp-block-woocommerce-cart-order-summary-coupon-form-block\"><\/div><div data-block-name=\"woocommerce\/cart-order-summary-totals-block\" class=\"wp-block-woocommerce-cart-order-summary-totals-block\">\n<div data-block-name=\"woocommerce\/cart-order-summary-subtotal-block\" class=\"wp-block-woocommerce-cart-order-summary-subtotal-block\"><\/div>\n<div data-block-name=\"woocommerce\/cart-order-summary-discount-block\" class=\"wp-block-woocommerce-cart-order-summary-discount-block\"><\/div>\n<div data-block-name=\"woocommerce\/cart-order-summary-fee-block\" class=\"wp-block-woocommerce-cart-order-summary-fee-block\"><\/div>\n<div data-block-name=\"woocommerce\/cart-order-summary-shipping-block\" class=\"wp-block-woocommerce-cart-order-summary-shipping-block\"><\/div>\n<div data-block-name=\"woocommerce\/cart-order-summary-taxes-block\" class=\"wp-block-woocommerce-cart-order-summary-taxes-block\"><\/div><\/div>\n<\/div>\n\n\n\n<div data-block-name=\"woocommerce\/cart-express-payment-block\" class=\"wp-block-woocommerce-cart-express-payment-block\"><\/div>\n\n\n\n<div data-block-name=\"woocommerce\/proceed-to-checkout-block\" class=\"wp-block-woocommerce-proceed-to-checkout-block\"><\/div>\n\n\n\n<div data-block-name=\"woocommerce\/cart-accepted-payment-methods-block\" class=\"wp-block-woocommerce-cart-accepted-payment-methods-block\"><\/div>\n<\/div>\n<\/div>\n\n\n\n<div data-block-name=\"woocommerce\/empty-cart-block\" class=\"wp-block-woocommerce-empty-cart-block\">\n<h2 class=\"wp-block-heading has-text-align-center with-empty-cart-icon wc-block-cart__empty-cart__title\">Your cart is currently empty!<\/h2>\n\n\n\n<hr class=\"wp-block-separator has-alpha-channel-opacity is-style-dots\"\/>\n\n\n\n<h2 class=\"wp-block-heading has-text-align-center\">New in store<\/h2>\n\n\n<div data-block-name=\"woocommerce\/product-new\" data-columns=\"4\" data-rows=\"1\" class=\"wc-block-grid wp-block-product-new wp-block-woocommerce-product-new wc-block-product-new has-4-columns\"><ul class=\"wc-block-grid__products\"><li class=\"wc-block-grid__product\">\n\t\t\t\t<a href=\"https:\/\/www.buramkitabevi.com\/en\/kitap\/gulun-izinden-ferat-aktas\" class=\"wc-block-grid__product-link\">\n\t\t\t\t\t<div class=\"wc-block-grid__product-onsale\">\n\t\t\t<span aria-hidden=\"true\" data-no-translation=\"\" data-trp-gettext=\"\">Sale<\/span>\n\t\t\t<span class=\"screen-reader-text\" data-no-translation=\"\" data-trp-gettext=\"\">Product on sale<\/span>\n\t\t<\/div>\n\t\t\t\t\t<div class=\"wc-block-grid__product-image\"><img fetchpriority=\"high\" width=\"300\" height=\"414\" src=\"https:\/\/www.buramkitabevi.com\/wp-content\/uploads\/2026\/02\/GulunIzinden-3B-Dik-300x414.png\" class=\"attachment-woocommerce_thumbnail size-woocommerce_thumbnail\" alt=\"G\u00fcl\u00fcn \u0130zinden - Ferat Akta\u015f\" \/><\/div>\n\t\t\t\t\t<div class=\"wc-block-grid__product-title\">G\u00fcl\u00fcn \u0130zinden &#8211; Ferat Akta\u015f<\/div>\n\t\t\t\t<\/a>\n\t\t\t\t<div class=\"wc-block-grid__product-price price\"><del aria-hidden=\"true\"><span class=\"woocommerce-Price-amount amount\"><span class=\"woocommerce-Price-currencySymbol\">&#8378;<\/span>145,00<\/span><\/del> <span class=\"screen-reader-text\" data-no-translation=\"\" data-trp-gettext=\"\">Original price was: &#8378;145,00.<\/span><ins aria-hidden=\"true\"><span class=\"woocommerce-Price-amount amount\"><span class=\"woocommerce-Price-currencySymbol\">&#8378;<\/span>116,00<\/span><\/ins><span class=\"screen-reader-text\" data-no-translation=\"\" data-trp-gettext=\"\">Current price is: &#8378;116,00.<\/span><\/div>\n\t\t\t\t\n\t\t\t\t<div class=\"wp-block-button wc-block-grid__product-add-to-cart\"><a href=\"\/en\/wp-json\/wp\/v2\/pages\/9?add-to-cart=7388\" aria-label=\"Add to basket: \u201cG\u00fcl\u00fcn \u0130zinden - Ferat Akta\u015f\u201d\" data-quantity=\"1\" data-product_id=\"7388\" data-product_sku=\"\" data-price=\"116\" rel=\"nofollow\" class=\"wp-block-button__link  add_to_cart_button ajax_add_to_cart\" data-no-translation=\"\" data-trp-gettext=\"\" data-no-translation-aria-label=\"\">Add to basket<\/a><\/div>\n\t\t\t<\/li><li class=\"wc-block-grid__product\">\n\t\t\t\t<a href=\"https:\/\/www.buramkitabevi.com\/en\/kitap\/sanat-nefesim-ozlen-sarica\" class=\"wc-block-grid__product-link\">\n\t\t\t\t\t<div class=\"wc-block-grid__product-onsale\">\n\t\t\t<span aria-hidden=\"true\" data-no-translation=\"\" data-trp-gettext=\"\">Sale<\/span>\n\t\t\t<span class=\"screen-reader-text\" data-no-translation=\"\" data-trp-gettext=\"\">Product on sale<\/span>\n\t\t<\/div>\n\t\t\t\t\t<div class=\"wc-block-grid__product-image\"><img width=\"300\" height=\"414\" src=\"https:\/\/www.buramkitabevi.com\/wp-content\/uploads\/2026\/02\/SanatNefesim-3B-Dik-300x414.png\" class=\"attachment-woocommerce_thumbnail size-woocommerce_thumbnail\" alt=\"Sanat Nefesim - \u00d6zlen Sar\u0131ca\" \/><\/div>\n\t\t\t\t\t<div class=\"wc-block-grid__product-title\">Sanat Nefesim &#8211; \u00d6zlen Sar\u0131ca<\/div>\n\t\t\t\t<\/a>\n\t\t\t\t<div class=\"wc-block-grid__product-price price\"><del aria-hidden=\"true\"><span class=\"woocommerce-Price-amount amount\"><span class=\"woocommerce-Price-currencySymbol\">&#8378;<\/span>295,00<\/span><\/del> <span class=\"screen-reader-text\" data-no-translation=\"\" data-trp-gettext=\"\">Original price was: &#8378;295,00.<\/span><ins aria-hidden=\"true\"><span class=\"woocommerce-Price-amount amount\"><span class=\"woocommerce-Price-currencySymbol\">&#8378;<\/span>236,00<\/span><\/ins><span class=\"screen-reader-text\" data-no-translation=\"\" data-trp-gettext=\"\">Current price is: &#8378;236,00.<\/span><\/div>\n\t\t\t\t\n\t\t\t\t<div class=\"wp-block-button wc-block-grid__product-add-to-cart\"><a href=\"\/en\/wp-json\/wp\/v2\/pages\/9?add-to-cart=7386\" aria-label=\"Add to basket: \u201cSanat Nefesim - \u00d6zlen Sar\u0131ca\u201d\" data-quantity=\"1\" data-product_id=\"7386\" data-product_sku=\"\" data-price=\"236\" rel=\"nofollow\" class=\"wp-block-button__link  add_to_cart_button ajax_add_to_cart\" data-no-translation=\"\" data-trp-gettext=\"\" data-no-translation-aria-label=\"\">Add to basket<\/a><\/div>\n\t\t\t<\/li><li class=\"wc-block-grid__product\">\n\t\t\t\t<a href=\"https:\/\/www.buramkitabevi.com\/en\/kitap\/sen-uyursun-geceleri-bana-yaren-edip-simdi-sen-yildizlari-bana-birakirsin-bir-divane-gibi-dilsiz-seccadelerde-en-imkansiz-dualari-bana-birakirsin-gidersin-ardina-donup-son-kez-bakmadan-bir-damla-goz\" class=\"wc-block-grid__product-link\">\n\t\t\t\t\t<div class=\"wc-block-grid__product-onsale\">\n\t\t\t<span aria-hidden=\"true\" data-no-translation=\"\" data-trp-gettext=\"\">Sale<\/span>\n\t\t\t<span class=\"screen-reader-text\" data-no-translation=\"\" data-trp-gettext=\"\">Product on sale<\/span>\n\t\t<\/div>\n\t\t\t\t\t<div class=\"wc-block-grid__product-image\"><img width=\"300\" height=\"414\" src=\"https:\/\/www.buramkitabevi.com\/wp-content\/uploads\/2026\/02\/GokceninYoluAgarthninKalbi-3B-Dik-300x414.png\" class=\"attachment-woocommerce_thumbnail size-woocommerce_thumbnail\" alt=\"Sen uyursun geceleri bana yaren edip \u015eimdi sen y\u0131ld\u0131zlar\u0131 bana b\u0131rak\u0131rs\u0131n Bir divane gibi dilsiz seccadelerde En imkans\u0131z dualar\u0131 bana b\u0131rak\u0131rs\u0131n  Gidersin, ard\u0131na d\u00f6n\u00fcp son kez bakmadan Bir damla g\u00f6zya\u015f\u0131n\u0131, omzuma ak\u0131tmadan Yolda g\u00f6lgeni, kula\u011f\u0131mda sesini b\u0131rakmadan En sessiz vedalar\u0131, bana b\u0131rak\u0131rs\u0131n\" \/><\/div>\n\t\t\t\t\t<div class=\"wc-block-grid__product-title\">Sen uyursun geceleri bana yaren edip \u015eimdi sen y\u0131ld\u0131zlar\u0131 bana b\u0131rak\u0131rs\u0131n Bir divane gibi dilsiz seccadelerde En imkans\u0131z dualar\u0131 bana b\u0131rak\u0131rs\u0131n  Gidersin, ard\u0131na d\u00f6n\u00fcp son kez bakmadan Bir damla g\u00f6zya\u015f\u0131n\u0131, omzuma ak\u0131tmadan Yolda g\u00f6lgeni, kula\u011f\u0131mda sesini b\u0131rakmadan En sessiz vedalar\u0131, bana b\u0131rak\u0131rs\u0131n<\/div>\n\t\t\t\t<\/a>\n\t\t\t\t<div class=\"wc-block-grid__product-price price\"><del aria-hidden=\"true\"><span class=\"woocommerce-Price-amount amount\"><span class=\"woocommerce-Price-currencySymbol\">&#8378;<\/span>175,00<\/span><\/del> <span class=\"screen-reader-text\" data-no-translation=\"\" data-trp-gettext=\"\">Original price was: &#8378;175,00.<\/span><ins aria-hidden=\"true\"><span class=\"woocommerce-Price-amount amount\"><span class=\"woocommerce-Price-currencySymbol\">&#8378;<\/span>140,00<\/span><\/ins><span class=\"screen-reader-text\" data-no-translation=\"\" data-trp-gettext=\"\">Current price is: &#8378;140,00.<\/span><\/div>\n\t\t\t\t\n\t\t\t\t<div class=\"wp-block-button wc-block-grid__product-add-to-cart\"><a href=\"\/en\/wp-json\/wp\/v2\/pages\/9?add-to-cart=7384\" aria-label=\"Add to basket: \u201cSen uyursun geceleri bana yaren edip \u015eimdi sen y\u0131ld\u0131zlar\u0131 bana b\u0131rak\u0131rs\u0131n Bir divane gibi dilsiz seccadelerde En imkans\u0131z dualar\u0131 bana b\u0131rak\u0131rs\u0131n  Gidersin, ard\u0131na d\u00f6n\u00fcp son kez bakmadan Bir damla g\u00f6zya\u015f\u0131n\u0131, omzuma ak\u0131tmadan Yolda g\u00f6lgeni, kula\u011f\u0131mda sesini b\u0131rakmadan En sessiz vedalar\u0131, bana b\u0131rak\u0131rs\u0131n\u201d\" data-quantity=\"1\" data-product_id=\"7384\" data-product_sku=\"\" data-price=\"140\" rel=\"nofollow\" class=\"wp-block-button__link  add_to_cart_button ajax_add_to_cart\" data-no-translation=\"\" data-trp-gettext=\"\" data-no-translation-aria-label=\"\">Add to basket<\/a><\/div>\n\t\t\t<\/li><li class=\"wc-block-grid__product\">\n\t\t\t\t<a href=\"https:\/\/www.buramkitabevi.com\/en\/kitap\/sessiz-vedalar-onder-ozkaran\" class=\"wc-block-grid__product-link\">\n\t\t\t\t\t<div class=\"wc-block-grid__product-onsale\">\n\t\t\t<span aria-hidden=\"true\" data-no-translation=\"\" data-trp-gettext=\"\">Sale<\/span>\n\t\t\t<span class=\"screen-reader-text\" data-no-translation=\"\" data-trp-gettext=\"\">Product on sale<\/span>\n\t\t<\/div>\n\t\t\t\t\t<div class=\"wc-block-grid__product-image\"><img loading=\"lazy\" width=\"300\" height=\"414\" src=\"https:\/\/www.buramkitabevi.com\/wp-content\/uploads\/2026\/02\/SessizVedalar-3B-Dik-300x414.png\" class=\"attachment-woocommerce_thumbnail size-woocommerce_thumbnail\" alt=\"Sessiz Vedalar - \u00d6nder \u00d6zkaran\" \/><\/div>\n\t\t\t\t\t<div class=\"wc-block-grid__product-title\">Sessiz Vedalar &#8211; \u00d6nder \u00d6zkaran<\/div>\n\t\t\t\t<\/a>\n\t\t\t\t<div class=\"wc-block-grid__product-price price\"><del aria-hidden=\"true\"><span class=\"woocommerce-Price-amount amount\"><span class=\"woocommerce-Price-currencySymbol\">&#8378;<\/span>175,00<\/span><\/del> <span class=\"screen-reader-text\" data-no-translation=\"\" data-trp-gettext=\"\">Original price was: &#8378;175,00.<\/span><ins aria-hidden=\"true\"><span class=\"woocommerce-Price-amount amount\"><span class=\"woocommerce-Price-currencySymbol\">&#8378;<\/span>140,00<\/span><\/ins><span class=\"screen-reader-text\" data-no-translation=\"\" data-trp-gettext=\"\">Current price is: &#8378;140,00.<\/span><\/div>\n\t\t\t\t\n\t\t\t\t<div class=\"wp-block-button wc-block-grid__product-add-to-cart\"><a href=\"\/en\/wp-json\/wp\/v2\/pages\/9?add-to-cart=7382\" aria-label=\"Add to basket: \u201cSessiz Vedalar - \u00d6nder \u00d6zkaran\u201d\" data-quantity=\"1\" data-product_id=\"7382\" data-product_sku=\"\" data-price=\"140\" rel=\"nofollow\" class=\"wp-block-button__link  add_to_cart_button ajax_add_to_cart\" data-no-translation=\"\" data-trp-gettext=\"\" data-no-translation-aria-label=\"\">Add to basket<\/a><\/div>\n\t\t\t<\/li><\/ul><\/div><\/div>\n<\/div>","protected":false},"excerpt":{"rendered":"","protected":false},"author":1,"featured_media":0,"parent":0,"menu_order":0,"comment_status":"closed","ping_status":"closed","template":"","meta":{"inline_featured_image":false,"footnotes":""},"class_list":["post-9","page","type-page","status-publish","hentry"],"_links":{"self":[{"href":"https:\/\/www.buramkitabevi.com\/en\/wp-json\/wp\/v2\/pages\/9","targetHints":{"allow":["GET"]}}],"collection":[{"href":"https:\/\/www.buramkitabevi.com\/en\/wp-json\/wp\/v2\/pages"}],"about":[{"href":"https:\/\/www.buramkitabevi.com\/en\/wp-json\/wp\/v2\/types\/page"}],"author":[{"embeddable":true,"href":"https:\/\/www.buramkitabevi.com\/en\/wp-json\/wp\/v2\/users\/1"}],"replies":[{"embeddable":true,"href":"https:\/\/www.buramkitabevi.com\/en\/wp-json\/wp\/v2\/comments?post=9"}],"version-history":[{"count":1,"href":"https:\/\/www.buramkitabevi.com\/en\/wp-json\/wp\/v2\/pages\/9\/revisions"}],"predecessor-version":[{"id":3911,"href":"https:\/\/www.buramkitabevi.com\/en\/wp-json\/wp\/v2\/pages\/9\/revisions\/3911"}],"wp:attachment":[{"href":"https:\/\/www.buramkitabevi.com\/en\/wp-json\/wp\/v2\/media?parent=9"}],"curies":[{"name":"wp","href":"https:\/\/api.w.org\/{rel}","templated":true}]}}